{"id":2,"date":"2024-11-06T11:50:33","date_gmt":"2024-11-06T11:50:33","guid":{"rendered":"https:\/\/agroalimentareoperadipadrepio.it\/?page_id=2"},"modified":"2025-04-15T08:05:23","modified_gmt":"2025-04-15T08:05:23","slug":"filosofia-etica","status":"publish","type":"page","link":"https:\/\/agroalimentareoperadipadrepio.it\/index.php\/filosofia-etica\/","title":{"rendered":"Filosofia Etica"},"content":{"rendered":"<p>[et_pb_section fb_built=&#8221;1&#8243; fullwidth=&#8221;on&#8221; _builder_version=&#8221;4.27.4&#8243; _module_preset=&#8221;default&#8221; custom_css_free_form=&#8221;.et_pb_fullwidth_header .et_pb_fullwidth_header_container.center{||width:100%;||}||||.et_pb_fullwidth_header .et_pb_fullwidth_header_container.center .header-content{||  max-width:none;||}&#8221; global_colors_info=&#8221;{}&#8221;][et_pb_fullwidth_header title=&#8221;RADICI PROFONDE, VIVE, VALORI FORTI&#8221; text_orientation=&#8221;center&#8221; header_fullscreen=&#8221;on&#8221; header_scroll_down=&#8221;on&#8221; scroll_down_icon_size_tablet=&#8221;&#8221; scroll_down_icon_size_phone=&#8221;30px&#8221; scroll_down_icon_size_last_edited=&#8221;on|phone&#8221; admin_label=&#8221;video&#8221; module_id=&#8221;one&#8221; _builder_version=&#8221;4.27.4&#8243; _module_preset=&#8221;default&#8221; title_font=&#8221;Anton||||||||&#8221; title_text_align=&#8221;center&#8221; title_font_size=&#8221;12em&#8221; content_font_size=&#8221;11px&#8221; subhead_font_size=&#8221;55px&#8221; background_enable_color=&#8221;off&#8221; background_video_mp4=&#8221;https:\/\/agroalimentareoperadipadrepio.it\/wp-content\/uploads\/2024\/12\/10634552-hd_1920_1080_30fps.mp4&#8243; horizontal_offset=&#8221;0px&#8221; custom_margin=&#8221;||||false|false&#8221; custom_padding=&#8221;0px|||||&#8221; hover_enabled=&#8221;0&#8243; title_font_size_tablet=&#8221;36px&#8221; title_font_size_phone=&#8221;50px&#8221; title_font_size_last_edited=&#8221;on|phone&#8221; custom_css_free_form=&#8221;.et_pb_fullwidth_header .et_pb_fullwidth_header_container.center .header-content {||margin: 20px auto;||width: 100%;||\/* max-width:800px;*\/||}&#8221; global_colors_info=&#8221;{}&#8221; sticky_enabled=&#8221;0&#8243;][\/et_pb_fullwidth_header][et_pb_fullwidth_header header_fullscreen=&#8221;on&#8221; header_scroll_down=&#8221;on&#8221; scroll_down_icon_color=&#8221;#4d0904&#8243; button_two_url=&#8221;#one&#8221; scroll_down_icon_size_tablet=&#8221;&#8221; scroll_down_icon_size_phone=&#8221;30px&#8221; scroll_down_icon_size_last_edited=&#8221;on|phone&#8221; admin_label=&#8221;unire&#8221; module_id=&#8221;three&#8221; _builder_version=&#8221;4.27.4&#8243; _module_preset=&#8221;default&#8221; title_font=&#8221;Anton||||||||&#8221; title_text_align=&#8221;center&#8221; title_text_color=&#8221;#4d0904&#8243; title_font_size=&#8221;14vw&#8221; title_line_height=&#8221;2em&#8221; content_font=&#8221;Montserrat||||||||&#8221; content_text_align=&#8221;center&#8221; content_text_color=&#8221;#4d0904&#8243; content_font_size=&#8221;18px&#8221; background_color=&#8221;#f6f0e6&#8243; background_image=&#8221;https:\/\/agroalimentareoperadipadrepio.it\/wp-content\/uploads\/2025\/02\/Progetto-senza-titolo232.png&#8221; button_two_icon=&#8221;&#x3a;||divi||400&#8243; button_two_on_hover=&#8221;off&#8221; hover_enabled=&#8221;0&#8243; title_font_size_tablet=&#8221;5vw&#8221; title_font_size_phone=&#8221;32px&#8221; title_font_size_last_edited=&#8221;on|phone&#8221; button_two_text_size_tablet=&#8221;50px&#8221; button_two_text_size_phone=&#8221;30px&#8221; button_two_text_size_last_edited=&#8221;on|phone&#8221; custom_css_button_2=&#8221;position: absolute;padding-left:0.4em !important;top: 0;left: 0;right: 0;margin: 0 auto;width: 0px;&#8221; global_colors_info=&#8221;{}&#8221; button_two_bg_color__hover_enabled=&#8221;on|hover&#8221; sticky_enabled=&#8221;0&#8243; background_last_edited=&#8221;on|phone&#8221; background_size_phone=&#8221;contain&#8221; disabled_on=&#8221;on|off|off&#8221;][\/et_pb_fullwidth_header][et_pb_fullwidth_header title=&#8221;FRESCHEZZA&#8221; header_fullscreen=&#8221;on&#8221; header_scroll_down=&#8221;on&#8221; button_two_url=&#8221;#one&#8221; scroll_down_icon_size_tablet=&#8221;&#8221; scroll_down_icon_size_phone=&#8221;30px&#8221; scroll_down_icon_size_last_edited=&#8221;on|phone&#8221; admin_label=&#8221;custodire&#8221; module_id=&#8221;two&#8221; _builder_version=&#8221;4.27.4&#8243; _module_preset=&#8221;default&#8221; title_font=&#8221;Anton||||||||&#8221; title_text_align=&#8221;center&#8221; title_font_size=&#8221;14vw&#8221; title_line_height=&#8221;2em&#8221; content_font=&#8221;Montserrat||||||||&#8221; content_font_size=&#8221;18px&#8221; background_color=&#8221;#4d0904&#8243; background_image=&#8221;https:\/\/agroalimentareoperadipadrepio.it\/wp-content\/uploads\/2024\/12\/Copia-di-Copia-di-Azienda-Agroalimentari-Opera-di-Padre-Pio-2.png&#8221; button_two_icon=&#8221;&#x3a;||divi||400&#8243; button_two_on_hover=&#8221;off&#8221; title_font_size_tablet=&#8221;5vw&#8221; title_font_size_phone=&#8221;32px&#8221; title_font_size_last_edited=&#8221;off|desktop&#8221; button_two_text_size_tablet=&#8221;50px&#8221; button_two_text_size_phone=&#8221;30px&#8221; button_two_text_size_last_edited=&#8221;on|phone&#8221; custom_css_button_2=&#8221;position: absolute;padding-left:0.4em !important;top: 0;left: 0;right: 0;margin: 0 auto;width: 0px;&#8221; global_colors_info=&#8221;{}&#8221; button_two_bg_color__hover_enabled=&#8221;on|hover&#8221; background__hover_enabled=&#8221;off|desktop&#8221;]<\/p>\n<p style=\"text-align: center;\"><span style=\"color: #ffffff;\"><span style=\"color: #ff6600;\"><strong>La freschezza non \u00e8 solo un attributo, ma una promessa.<\/strong> <\/span>Coltiviamo, raccogliamo e trasformiamo i nostri prodotti direttamente all&#8217;interno della nostra azienda, garantendo che arrivino sulle vostre tavole nel minor tempo possibile. Questo impegno si traduce in sapori pi\u00f9 vivi e nutrienti preservati, offrendovi il gusto\u00a0autentico del Gargano ad ogni assaggio. Scegliere la nostra fattoria significa fare la scelta di un&#8217;alimentazione sana, naturale e sempre fresca.<\/span><\/p>\n<p style=\"text-align: center;\">\n<p style=\"text-align: center;\"><span style=\"color: #ffffff;\"><\/span><\/p>\n<p style=\"text-align: center;\"><span style=\"color: #ffffff;\"><\/span><\/p>\n<p style=\"text-align: center;\"><span style=\"color: #ffffff;\"><\/span><\/p>\n<p>[\/et_pb_fullwidth_header][et_pb_fullwidth_header title=&#8221;UNICITA'&#8221; header_fullscreen=&#8221;on&#8221; header_scroll_down=&#8221;on&#8221; scroll_down_icon_color=&#8221;#4d0904&#8243; button_two_url=&#8221;#one&#8221; scroll_down_icon_size_tablet=&#8221;&#8221; scroll_down_icon_size_phone=&#8221;30px&#8221; scroll_down_icon_size_last_edited=&#8221;on|phone&#8221; admin_label=&#8221;mantenere&#8221; module_id=&#8221;three&#8221; _builder_version=&#8221;4.27.4&#8243; _module_preset=&#8221;default&#8221; title_font=&#8221;Anton||||||||&#8221; title_text_align=&#8221;center&#8221; title_text_color=&#8221;#4d0904&#8243; title_font_size=&#8221;14vw&#8221; title_line_height=&#8221;2em&#8221; content_font=&#8221;Montserrat||||||||&#8221; content_text_align=&#8221;center&#8221; content_text_color=&#8221;#4d0904&#8243; content_font_size=&#8221;18px&#8221; background_color=&#8221;#f6f0e6&#8243; background_image=&#8221;https:\/\/agroalimentareoperadipadrepio.it\/wp-content\/uploads\/2024\/12\/3333.png&#8221; button_two_icon=&#8221;&#x3a;||divi||400&#8243; button_two_on_hover=&#8221;off&#8221; hover_enabled=&#8221;0&#8243; title_font_size_tablet=&#8221;5vw&#8221; title_font_size_phone=&#8221;32px&#8221; title_font_size_last_edited=&#8221;off|phone&#8221; button_two_text_size_tablet=&#8221;50px&#8221; button_two_text_size_phone=&#8221;30px&#8221; button_two_text_size_last_edited=&#8221;on|phone&#8221; custom_css_button_2=&#8221;position: absolute;padding-left:0.4em !important;top: 0;left: 0;right: 0;margin: 0 auto;width: 0px;&#8221; global_colors_info=&#8221;{}&#8221; button_two_bg_color__hover_enabled=&#8221;on|hover&#8221; sticky_enabled=&#8221;0&#8243;]<\/p>\n<p>Alla Fattoria Posta La Via, ogni prodotto <span style=\"color: #f96909;\"><strong>racconta la storia unica del Gargano<\/strong><\/span>. L&#8217;unicit\u00e0 delle nostre creazioni deriva dall&#8217;abbinamento di metodi tradizionali e innovazioni sostenibili, che catturano l&#8217;essenza del nostro territorio. Dal sapore distintivo del nostro Cuordilatte alla texture ricca della nostra ricotta, offriamo esperienze gustative che non troverete altrove. Scegliendo Fattoria Posta La Via, scoprirete sapori esclusivi che celebrano l&#8217;individualit\u00e0 e la qualit\u00e0 senza compromessi.<\/p>\n<p>[\/et_pb_fullwidth_header][et_pb_fullwidth_header title=&#8221;GARGANICITA'&#8221; header_fullscreen=&#8221;on&#8221; header_scroll_down=&#8221;on&#8221; button_two_url=&#8221;#one&#8221; scroll_down_icon_size_tablet=&#8221;&#8221; scroll_down_icon_size_phone=&#8221;30px&#8221; scroll_down_icon_size_last_edited=&#8221;on|phone&#8221; admin_label=&#8221;custodire&#8221; module_id=&#8221;two&#8221; _builder_version=&#8221;4.27.4&#8243; _module_preset=&#8221;default&#8221; title_font=&#8221;Anton||||||||&#8221; title_text_align=&#8221;center&#8221; title_font_size=&#8221;14vw&#8221; title_line_height=&#8221;2em&#8221; content_font=&#8221;Montserrat||||||||&#8221; content_font_size=&#8221;18px&#8221; background_color=&#8221;#4d0904&#8243; background_image=&#8221;https:\/\/agroalimentareoperadipadrepio.it\/wp-content\/uploads\/2024\/12\/Copia-di-Copia-di-Azienda-Agroalimentari-Opera-di-Padre-Pio-2.png&#8221; button_two_icon=&#8221;&#x3a;||divi||400&#8243; button_two_on_hover=&#8221;off&#8221; title_font_size_tablet=&#8221;5vw&#8221; title_font_size_phone=&#8221;32px&#8221; title_font_size_last_edited=&#8221;off|desktop&#8221; button_two_text_size_tablet=&#8221;50px&#8221; button_two_text_size_phone=&#8221;30px&#8221; button_two_text_size_last_edited=&#8221;on|phone&#8221; custom_css_button_2=&#8221;position: absolute;padding-left:0.4em !important;top: 0;left: 0;right: 0;margin: 0 auto;width: 0px;&#8221; global_colors_info=&#8221;{}&#8221; button_two_bg_color__hover_enabled=&#8221;on|hover&#8221; background__hover_enabled=&#8221;off|desktop&#8221;]<\/p>\n<p style=\"text-align: center;\">La &#8220;Garganicit\u00e0&#8221; di Fattoria Posta La Via incarna l&#8217;<strong><span style=\"color: #ff6600;\">essenza pura del Gargano<\/span><\/strong>, riflettendo la ricchezza e la diversit\u00e0 del nostro amato territorio. Ogni prodotto che offriamo \u00e8 intriso di sapori e tradizioni locali, coltivati su <span style=\"color: #ff6600;\"><strong>terreni baciati dal sole e nutriti dalla terra fertile del Gargano<\/strong><\/span>. Dal latte fresco delle nostre mucche al gusto intenso dei nostri formaggi, ogni boccone \u00e8 un omaggio alla nostra terra. Scegliere i nostri prodotti significa abbracciare un pezzo di Gargano, portando a casa un&#8217;espressione autentica di cultura, tradizione e amore per il nostro ambiente.<\/p>\n<p style=\"text-align: center;\"><span style=\"color: #ffffff;\"><\/span><\/p>\n<p>[\/et_pb_fullwidth_header][et_pb_fullwidth_header title=&#8221;GENUINITA'&#8221; header_fullscreen=&#8221;on&#8221; header_scroll_down=&#8221;on&#8221; scroll_down_icon_color=&#8221;#4d0904&#8243; button_two_url=&#8221;#one&#8221; scroll_down_icon_size_tablet=&#8221;&#8221; scroll_down_icon_size_phone=&#8221;30px&#8221; scroll_down_icon_size_last_edited=&#8221;on|phone&#8221; admin_label=&#8221;mantenere&#8221; module_id=&#8221;three&#8221; _builder_version=&#8221;4.27.4&#8243; _module_preset=&#8221;default&#8221; title_font=&#8221;Anton||||||||&#8221; title_text_align=&#8221;center&#8221; title_text_color=&#8221;#4d0904&#8243; title_font_size=&#8221;14vw&#8221; title_line_height=&#8221;2em&#8221; content_font=&#8221;Montserrat||||||||&#8221; content_text_align=&#8221;center&#8221; content_text_color=&#8221;#4d0904&#8243; content_font_size=&#8221;18px&#8221; background_color=&#8221;#f6f0e6&#8243; background_image=&#8221;https:\/\/agroalimentareoperadipadrepio.it\/wp-content\/uploads\/2024\/12\/3333.png&#8221; button_two_icon=&#8221;&#x3a;||divi||400&#8243; button_two_on_hover=&#8221;off&#8221; hover_enabled=&#8221;0&#8243; title_font_size_tablet=&#8221;5vw&#8221; title_font_size_phone=&#8221;32px&#8221; title_font_size_last_edited=&#8221;off|phone&#8221; button_two_text_size_tablet=&#8221;50px&#8221; button_two_text_size_phone=&#8221;30px&#8221; button_two_text_size_last_edited=&#8221;on|phone&#8221; custom_css_button_2=&#8221;position: absolute;padding-left:0.4em !important;top: 0;left: 0;right: 0;margin: 0 auto;width: 0px;&#8221; global_colors_info=&#8221;{}&#8221; button_two_bg_color__hover_enabled=&#8221;on|hover&#8221; sticky_enabled=&#8221;0&#8243;]<\/p>\n<p>La genuinit\u00e0 \u00e8 al centro di tutto ci\u00f2 che facciamo. Ci impegniamo a offrire prodotti che sono il <strong><span style=\"color: #ff6600;\">risultato diretto di pratiche agricole pulite e trasparenti<\/span><\/strong>, senza l&#8217;uso di additivi artificiali o processi industriali. Dal campo alla tavola, ogni passaggio \u00e8 curato con attenzione per garantire che il sapore naturale e la qualit\u00e0 originale di ogni ingrediente vengano preservati. Scegliendo i nostri prodotti, vi garantite un&#8217;<span style=\"color: #ff6600;\"><strong>esperienza alimentare sincera e pura<\/strong><\/span>, che celebra il vero gusto della natura del Gargano.<\/p>\n<p>[\/et_pb_fullwidth_header][et_pb_fullwidth_header title=&#8221;KM ZERO&#8221; header_fullscreen=&#8221;on&#8221; header_scroll_down=&#8221;on&#8221; button_two_url=&#8221;#one&#8221; scroll_down_icon_size_tablet=&#8221;&#8221; scroll_down_icon_size_phone=&#8221;30px&#8221; scroll_down_icon_size_last_edited=&#8221;on|phone&#8221; admin_label=&#8221;custodire&#8221; module_id=&#8221;two&#8221; _builder_version=&#8221;4.27.4&#8243; _module_preset=&#8221;default&#8221; title_font=&#8221;Anton||||||||&#8221; title_text_align=&#8221;center&#8221; title_font_size=&#8221;14vw&#8221; title_line_height=&#8221;2em&#8221; content_font=&#8221;Montserrat||||||||&#8221; content_font_size=&#8221;18px&#8221; background_color=&#8221;#4d0904&#8243; background_image=&#8221;https:\/\/agroalimentareoperadipadrepio.it\/wp-content\/uploads\/2024\/12\/Copia-di-Copia-di-Azienda-Agroalimentari-Opera-di-Padre-Pio-2.png&#8221; button_two_icon=&#8221;&#x3a;||divi||400&#8243; button_two_on_hover=&#8221;off&#8221; title_font_size_tablet=&#8221;5vw&#8221; title_font_size_phone=&#8221;32px&#8221; title_font_size_last_edited=&#8221;off|desktop&#8221; button_two_text_size_tablet=&#8221;50px&#8221; button_two_text_size_phone=&#8221;30px&#8221; button_two_text_size_last_edited=&#8221;on|phone&#8221; custom_css_button_2=&#8221;position: absolute;padding-left:0.4em !important;top: 0;left: 0;right: 0;margin: 0 auto;width: 0px;&#8221; global_colors_info=&#8221;{}&#8221; button_two_bg_color__hover_enabled=&#8221;on|hover&#8221; background__hover_enabled=&#8221;off|desktop&#8221;]<\/p>\n<p style=\"text-align: center;\">Valorizziamo il concetto di Km zero, portando ai nostri clienti prodotti che viaggiano <span style=\"color: #ff6600;\"><strong>dalla terra alla tavola senza lunghe distanze<\/strong><\/span>, direttamente dal cuore del Gargano. Questo approccio non solo garantisce una freschezza ineguagliabile, ma riduce anche l&#8217;impronta di carbonio, supportando la sostenibilit\u00e0 ambientale. I nostri prodotti, coltivati, raccolti e trasformati localmente, incarnano il spirito della comunit\u00e0 e rafforzano l&#8217;economia del territorio. Scegliendo Km zero, scegliete di nutrirvi in modo responsabile, <strong><span style=\"color: #ff6600;\">celebrando la ricchezza e la vitalit\u00e0 della nostra terra<\/span><\/strong>.<\/p>\n<p style=\"text-align: center;\"><span style=\"color: #ffffff;\"><\/span><\/p>\n<p>[\/et_pb_fullwidth_header][et_pb_fullwidth_header title=&#8221;SOSTENIBILITA'&#8221; header_fullscreen=&#8221;on&#8221; header_scroll_down=&#8221;on&#8221; scroll_down_icon_color=&#8221;#4d0904&#8243; button_two_url=&#8221;#one&#8221; scroll_down_icon_size_tablet=&#8221;&#8221; scroll_down_icon_size_phone=&#8221;30px&#8221; scroll_down_icon_size_last_edited=&#8221;on|phone&#8221; admin_label=&#8221;mantenere&#8221; module_id=&#8221;three&#8221; _builder_version=&#8221;4.27.4&#8243; _module_preset=&#8221;default&#8221; title_font=&#8221;Anton||||||||&#8221; title_text_align=&#8221;center&#8221; title_text_color=&#8221;#4d0904&#8243; title_font_size=&#8221;14vw&#8221; title_line_height=&#8221;2em&#8221; content_font=&#8221;Montserrat||||||||&#8221; content_text_align=&#8221;center&#8221; content_text_color=&#8221;#4d0904&#8243; content_font_size=&#8221;18px&#8221; background_color=&#8221;#f6f0e6&#8243; background_image=&#8221;https:\/\/agroalimentareoperadipadrepio.it\/wp-content\/uploads\/2024\/12\/3333.png&#8221; button_two_icon=&#8221;&#x3a;||divi||400&#8243; button_two_on_hover=&#8221;off&#8221; hover_enabled=&#8221;0&#8243; title_font_size_tablet=&#8221;5vw&#8221; title_font_size_phone=&#8221;32px&#8221; title_font_size_last_edited=&#8221;off|phone&#8221; button_two_text_size_tablet=&#8221;50px&#8221; button_two_text_size_phone=&#8221;30px&#8221; button_two_text_size_last_edited=&#8221;on|phone&#8221; custom_css_button_2=&#8221;position: absolute;padding-left:0.4em !important;top: 0;left: 0;right: 0;margin: 0 auto;width: 0px;&#8221; global_colors_info=&#8221;{}&#8221; button_two_bg_color__hover_enabled=&#8221;on|hover&#8221; sticky_enabled=&#8221;0&#8243;]<\/p>\n<p>La sostenibilit\u00e0 \u00e8 una missione fondamentale. <span style=\"color: #ff6600;\"><strong>Ci impegniamo attivamente a ridurre l&#8217;impatto ambientale della nostra produzione, adottando metodi agricoli che proteggono la terra e conservano le risorse naturali.<\/strong><\/span> Dall&#8217;uso di energia rinnovabile alla pratica del riciclo e del compostaggio, ogni aspetto della nostra operativit\u00e0 \u00e8 guidato dal rispetto per l&#8217;ambiente. Sostenere i nostri prodotti significa supportare un&#8217;agricoltura che non solo nutre le persone, ma cura anche il pianeta, garantendo che le generazioni future possano godere delle bellezze e delle risorse del Gargano.<\/p>\n<p>[\/et_pb_fullwidth_header][et_pb_fullwidth_header title=&#8221;BONTA'&#8221; header_fullscreen=&#8221;on&#8221; header_scroll_down=&#8221;on&#8221; button_two_url=&#8221;#one&#8221; scroll_down_icon_size_tablet=&#8221;&#8221; scroll_down_icon_size_phone=&#8221;30px&#8221; scroll_down_icon_size_last_edited=&#8221;on|phone&#8221; admin_label=&#8221;custodire&#8221; module_id=&#8221;two&#8221; _builder_version=&#8221;4.27.4&#8243; _module_preset=&#8221;default&#8221; title_font=&#8221;Anton||||||||&#8221; title_text_align=&#8221;center&#8221; title_font_size=&#8221;14vw&#8221; title_line_height=&#8221;2em&#8221; content_font=&#8221;Montserrat||||||||&#8221; content_font_size=&#8221;18px&#8221; background_color=&#8221;#4d0904&#8243; background_image=&#8221;https:\/\/agroalimentareoperadipadrepio.it\/wp-content\/uploads\/2024\/12\/Copia-di-Copia-di-Azienda-Agroalimentari-Opera-di-Padre-Pio-2.png&#8221; button_two_icon=&#8221;&#x3a;||divi||400&#8243; button_two_on_hover=&#8221;off&#8221; title_font_size_tablet=&#8221;5vw&#8221; title_font_size_phone=&#8221;32px&#8221; title_font_size_last_edited=&#8221;off|desktop&#8221; button_two_text_size_tablet=&#8221;50px&#8221; button_two_text_size_phone=&#8221;30px&#8221; button_two_text_size_last_edited=&#8221;on|phone&#8221; custom_css_button_2=&#8221;position: absolute;padding-left:0.4em !important;top: 0;left: 0;right: 0;margin: 0 auto;width: 0px;&#8221; global_colors_info=&#8221;{}&#8221; button_two_bg_color__hover_enabled=&#8221;on|hover&#8221; background__hover_enabled=&#8221;off|desktop&#8221;]<\/p>\n<p style=\"text-align: center;\">La bont\u00e0 \u00e8 il cuore pulsante dei nostri prodotti. Ogni articolo che offriamo \u00e8 il <span style=\"color: #ff6600;\"><strong>risultato di una meticolosa selezione di ingredienti di alta qualit\u00e0<\/strong><\/span>, coltivati e raccolti nelle terre fertili del Gargano. Dalla freschezza del nostro latte alla ricchezza dei nostri formaggi, la bont\u00e0 si riflette in ogni sapore e aroma, testimoniando la nostra dedizione alla qualit\u00e0 senza compromessi. Scegliendo i nostri prodotti, vi assicurate un&#8217;<span style=\"color: #ff6600;\"><strong>esperienza gustativa che celebra il vero sapore della nostra terra<\/strong><\/span>, elevata da pratiche agricole sostenibili e una passione autentica per l&#8217;agricoltura.<\/p>\n<p style=\"text-align: center;\"><span style=\"color: #ffffff;\"><\/span><\/p>\n<p>[\/et_pb_fullwidth_header][\/et_pb_section]<\/p>\n","protected":false},"excerpt":{"rendered":"<p>La freschezza non \u00e8 solo un attributo, ma una promessa. Coltiviamo, raccogliamo e trasformiamo i nostri prodotti direttamente all&#8217;interno della nostra azienda, garantendo che arrivino sulle vostre tavole nel minor tempo possibile. Questo impegno si traduce in sapori pi\u00f9 vivi e nutrienti preservati, offrendovi il gusto\u00a0autentico del Gargano ad ogni assaggio. Scegliere la nostra fattoria significa fare la scelta di un&#8217;alimentazione sana, naturale e sempre fresca. Alla Fattoria Posta La Via, ogni prodotto racconta la storia unica del Gargano. L&#8217;unicit\u00e0 delle nostre creazioni deriva dall&#8217;abbinamento di metodi tradizionali e innovazioni sostenibili, che catturano l&#8217;essenza del nostro territorio. Dal sapore distintivo del nostro Cuordilatte alla texture ricca della nostra ricotta, offriamo esperienze gustative che non troverete altrove. Scegliendo Fattoria Posta La Via, scoprirete sapori esclusivi che celebrano l&#8217;individualit\u00e0 e la qualit\u00e0 senza compromessi.La &#8220;Garganicit\u00e0&#8221; di Fattoria Posta La Via incarna l&#8217;essenza pura del Gargano, riflettendo la ricchezza e la diversit\u00e0 del nostro amato territorio. Ogni prodotto che offriamo \u00e8 intriso di sapori e tradizioni locali, coltivati su terreni baciati dal sole e nutriti dalla terra fertile del Gargano. Dal latte fresco delle nostre mucche al gusto intenso dei nostri formaggi, ogni boccone \u00e8 un omaggio alla nostra terra. Scegliere i nostri [&hellip;]<\/p>\n","protected":false},"author":1,"featured_media":0,"parent":0,"menu_order":0,"comment_status":"closed","ping_status":"closed","template":"","meta":{"_et_pb_use_builder":"on","_et_pb_old_content":"<!-- wp:paragraph -->\n<p>This is an example page. It's different from a blog post because it will stay in one place and will show up in your site navigation (in most themes). Most people start with an About page that introduces them to potential site visitors. It might say something like this:<\/p>\n<!-- \/wp:paragraph -->\n\n<!-- wp:quote -->\n<blockquote class=\"wp-block-quote\"><!-- wp:paragraph -->\n<p>Hi there! I'm a bike messenger by day, aspiring actor by night, and this is my website. I live in Los Angeles, have a great dog named Jack, and I like pi\u00f1a coladas. (And gettin' caught in the rain.)<\/p>\n<!-- \/wp:paragraph --><\/blockquote>\n<!-- \/wp:quote -->\n\n<!-- wp:paragraph -->\n<p>...or something like this:<\/p>\n<!-- \/wp:paragraph -->\n\n<!-- wp:quote -->\n<blockquote class=\"wp-block-quote\"><!-- wp:paragraph -->\n<p>The XYZ Doohickey Company was founded in 1971, and has been providing quality doohickeys to the public ever since. Located in Gotham City, XYZ employs over 2,000 people and does all kinds of awesome things for the Gotham community.<\/p>\n<!-- \/wp:paragraph --><\/blockquote>\n<!-- \/wp:quote -->\n\n<!-- wp:paragraph -->\n<p>As a new WordPress user, you should go to <a href=\"https:\/\/agroalimentareoperadipadrepio.it\/wp-admin\/\">your dashboard<\/a> to delete this page and create new pages for your content. Have fun!<\/p>\n<!-- \/wp:paragraph -->","_et_gb_content_width":"","footnotes":""},"dipi_cpt_category":[],"class_list":["post-2","page","type-page","status-publish","hentry"],"_links":{"self":[{"href":"https:\/\/agroalimentareoperadipadrepio.it\/index.php\/wp-json\/wp\/v2\/pages\/2","targetHints":{"allow":["GET"]}}],"collection":[{"href":"https:\/\/agroalimentareoperadipadrepio.it\/index.php\/wp-json\/wp\/v2\/pages"}],"about":[{"href":"https:\/\/agroalimentareoperadipadrepio.it\/index.php\/wp-json\/wp\/v2\/types\/page"}],"author":[{"embeddable":true,"href":"https:\/\/agroalimentareoperadipadrepio.it\/index.php\/wp-json\/wp\/v2\/users\/1"}],"replies":[{"embeddable":true,"href":"https:\/\/agroalimentareoperadipadrepio.it\/index.php\/wp-json\/wp\/v2\/comments?post=2"}],"version-history":[{"count":97,"href":"https:\/\/agroalimentareoperadipadrepio.it\/index.php\/wp-json\/wp\/v2\/pages\/2\/revisions"}],"predecessor-version":[{"id":4721,"href":"https:\/\/agroalimentareoperadipadrepio.it\/index.php\/wp-json\/wp\/v2\/pages\/2\/revisions\/4721"}],"wp:attachment":[{"href":"https:\/\/agroalimentareoperadipadrepio.it\/index.php\/wp-json\/wp\/v2\/media?parent=2"}],"wp:term":[{"taxonomy":"dipi_cpt_category","embeddable":true,"href":"https:\/\/agroalimentareoperadipadrepio.it\/index.php\/wp-json\/wp\/v2\/dipi_cpt_category?post=2"}],"curies":[{"name":"wp","href":"https:\/\/api.w.org\/{rel}","templated":true}]}}