{"id":3512,"date":"2024-12-17T18:22:30","date_gmt":"2024-12-17T18:22:30","guid":{"rendered":"https:\/\/agroalimentareoperadipadrepio.it\/?page_id=3512"},"modified":"2025-04-15T08:12:54","modified_gmt":"2025-04-15T08:12:54","slug":"nostra-terra","status":"publish","type":"page","link":"https:\/\/agroalimentareoperadipadrepio.it\/index.php\/nostra-terra\/","title":{"rendered":"la nostra terra"},"content":{"rendered":"<p>[et_pb_section fb_built=&#8221;1&#8243; fullwidth=&#8221;on&#8221; admin_label=&#8221;nostra terra&#8221; _builder_version=&#8221;4.27.4&#8243; _module_preset=&#8221;default&#8221; custom_css_main_element=&#8221;min-height: 100vh;||display: flex;||flex-direction: column;&#8221; custom_css_free_form=&#8221;.et_pb_fullwidth_header .et_pb_fullwidth_header_container.center{||width:100%;||}||||.et_pb_fullwidth_header .et_pb_fullwidth_header_container.center .header-content{||  max-width:none;||}&#8221; global_colors_info=&#8221;{}&#8221;][et_pb_fullwidth_header title=&#8221;GARGANO: TERRA DI ORGOGLIO E TRADIZIONE&#8221; text_orientation=&#8221;center&#8221; header_fullscreen=&#8221;on&#8221; header_scroll_down=&#8221;on&#8221; scroll_down_icon_size_tablet=&#8221;&#8221; scroll_down_icon_size_phone=&#8221;30px&#8221; scroll_down_icon_size_last_edited=&#8221;on|phone&#8221; admin_label=&#8221;video&#8221; module_id=&#8221;one&#8221; _builder_version=&#8221;4.27.4&#8243; _module_preset=&#8221;default&#8221; title_font=&#8221;Anton||||||||&#8221; title_text_align=&#8221;center&#8221; title_font_size=&#8221;13em&#8221; content_font_size=&#8221;11px&#8221; subhead_font_size=&#8221;55px&#8221; background_enable_color=&#8221;off&#8221; background_video_mp4=&#8221;https:\/\/agroalimentareoperadipadrepio.it\/wp-content\/uploads\/2024\/12\/8296788-hd_1920_1080_25fps.mp4&#8243; horizontal_offset=&#8221;0px&#8221; custom_margin=&#8221;||||false|false&#8221; custom_padding=&#8221;0px|||||&#8221; hover_enabled=&#8221;0&#8243; title_font_size_tablet=&#8221;36px&#8221; title_font_size_phone=&#8221;50px&#8221; title_font_size_last_edited=&#8221;on|phone&#8221; custom_css_free_form=&#8221;.et_pb_fullwidth_header .et_pb_fullwidth_header_container.center .header-content {||margin: 20px auto;||width: 100%;||\/* max-width:800px;*\/||}&#8221; global_colors_info=&#8221;{}&#8221; sticky_enabled=&#8221;0&#8243;][\/et_pb_fullwidth_header][et_pb_fullwidth_header title=&#8221;TERRITORIO&#8221; header_fullscreen=&#8221;on&#8221; header_scroll_down=&#8221;on&#8221; scroll_down_icon_color=&#8221;#4d0904&#8243; button_two_url=&#8221;#one&#8221; scroll_down_icon_size_tablet=&#8221;&#8221; scroll_down_icon_size_phone=&#8221;30px&#8221; scroll_down_icon_size_last_edited=&#8221;on|phone&#8221; admin_label=&#8221;territorio&#8221; module_id=&#8221;three&#8221; _builder_version=&#8221;4.27.4&#8243; _module_preset=&#8221;default&#8221; title_font=&#8221;Anton||||||||&#8221; title_text_align=&#8221;center&#8221; title_text_color=&#8221;#4d0904&#8243; title_font_size=&#8221;14vw&#8221; title_line_height=&#8221;2em&#8221; content_font=&#8221;Montserrat||||||||&#8221; content_text_align=&#8221;center&#8221; content_text_color=&#8221;#4d0904&#8243; content_font_size=&#8221;18px&#8221; background_color=&#8221;#f6f0e6&#8243; background_image=&#8221;https:\/\/agroalimentareoperadipadrepio.it\/wp-content\/uploads\/2024\/12\/3333.png&#8221; button_two_icon=&#8221;&#x3a;||divi||400&#8243; button_two_on_hover=&#8221;off&#8221; hover_enabled=&#8221;0&#8243; title_font_size_tablet=&#8221;5vw&#8221; title_font_size_phone=&#8221;32px&#8221; title_font_size_last_edited=&#8221;off|phone&#8221; button_two_text_size_tablet=&#8221;50px&#8221; button_two_text_size_phone=&#8221;30px&#8221; button_two_text_size_last_edited=&#8221;on|phone&#8221; custom_css_button_2=&#8221;position: absolute;padding-left:0.4em !important;top: 0;left: 0;right: 0;margin: 0 auto;width: 0px;&#8221; global_colors_info=&#8221;{}&#8221; button_two_bg_color__hover_enabled=&#8221;on|hover&#8221; sticky_enabled=&#8221;0&#8243;]<\/p>\n<p><span style=\"font-weight: 400;\">Una terra i cui gli abitanti si confrontano con una natura mediterranea pi\u00f9 virile che materna: <span style=\"color: #ff6600;\"><strong>elementi forti, contrasti netti<\/strong><\/span>; da cui nascono prodotti che la natura ha selezionato anche con rudezza e che richiedono una <span style=\"color: #ff6600;\"><strong>mano dell\u2019uomo attenta e vigorosa<\/strong><\/span>, sensibile alla peculiarit\u00e0 del territorio e dei suoi doni.\u00a0<\/span><\/p>\n<p><span style=\"font-weight: 400;\">Tutte peculiarit\u00e0 comprese dal frate Padre Pio che, da figlio di contadini, ne conosceva la <span style=\"color: #ff6600;\"><strong>naturale integrit\u00e0 e salutariet\u00e0<\/strong><\/span>.<\/span><\/p>\n<p>[\/et_pb_fullwidth_header][et_pb_fullwidth_header header_scroll_down=&#8221;on&#8221; scroll_down_icon_color=&#8221;#FFFFFF&#8221; scroll_down_icon_size_tablet=&#8221;&#8221; scroll_down_icon_size_phone=&#8221;30px&#8221; scroll_down_icon_size_last_edited=&#8221;on|phone&#8221; admin_label=&#8221;immagine&#8221; module_id=&#8221;four&#8221; _builder_version=&#8221;4.27.4&#8243; _module_preset=&#8221;default&#8221; background_enable_color=&#8221;off&#8221; background_image=&#8221;https:\/\/agroalimentareoperadipadrepio.it\/wp-content\/uploads\/2025\/02\/Ulivo.jpg&#8221; parallax=&#8221;on&#8221; parallax_method=&#8221;on&#8221; min_height=&#8221;63em&#8221; height=&#8221;63em&#8221; global_colors_info=&#8221;{}&#8221;][\/et_pb_fullwidth_header][et_pb_fullwidth_header title=&#8221;MICROCLIMI&#8221; header_fullscreen=&#8221;on&#8221; header_scroll_down=&#8221;on&#8221; button_two_url=&#8221;#one&#8221; scroll_down_icon_size_tablet=&#8221;&#8221; scroll_down_icon_size_phone=&#8221;30px&#8221; scroll_down_icon_size_last_edited=&#8221;on|phone&#8221; admin_label=&#8221;microclimi&#8221; module_id=&#8221;two&#8221; _builder_version=&#8221;4.27.4&#8243; _module_preset=&#8221;default&#8221; title_font=&#8221;Anton||||||||&#8221; title_text_align=&#8221;center&#8221; title_font_size=&#8221;14vw&#8221; title_line_height=&#8221;2em&#8221; content_font=&#8221;Montserrat||||||||&#8221; content_font_size=&#8221;18px&#8221; background_color=&#8221;#4d0904&#8243; background_image=&#8221;https:\/\/agroalimentareoperadipadrepio.it\/wp-content\/uploads\/2024\/12\/Copia-di-Copia-di-Azienda-Agroalimentari-Opera-di-Padre-Pio-2.png&#8221; button_two_icon=&#8221;&#x3a;||divi||400&#8243; button_two_on_hover=&#8221;off&#8221; title_font_size_tablet=&#8221;5vw&#8221; title_font_size_phone=&#8221;32px&#8221; title_font_size_last_edited=&#8221;off|desktop&#8221; button_two_text_size_tablet=&#8221;50px&#8221; button_two_text_size_phone=&#8221;30px&#8221; button_two_text_size_last_edited=&#8221;on|phone&#8221; custom_css_button_2=&#8221;position: absolute;padding-left:0.4em !important;top: 0;left: 0;right: 0;margin: 0 auto;width: 0px;&#8221; global_colors_info=&#8221;{}&#8221; button_two_bg_color__hover_enabled=&#8221;on|hover&#8221; background__hover_enabled=&#8221;off|desktop&#8221;]<\/p>\n<p style=\"text-align: center;\">Il clima del Gargano, influenzato dalla vicinanza al mare Adriatico, offre microclimi ideali per l&#8217;agricoltura. La combinazione di sole abbondate e brezze marine crea <span style=\"color: #ff6600;\"><strong>condizioni ottimali<\/strong><\/span>, assicurando prodotti di alt\u00e0 qualit\u00e0 e sani.<\/p>\n<p>[\/et_pb_fullwidth_header][et_pb_fullwidth_header header_scroll_down=&#8221;on&#8221; scroll_down_icon_color=&#8221;#FFFFFF&#8221; scroll_down_icon_size_tablet=&#8221;&#8221; scroll_down_icon_size_phone=&#8221;30px&#8221; scroll_down_icon_size_last_edited=&#8221;on|phone&#8221; admin_label=&#8221;immagine&#8221; module_id=&#8221;four&#8221; _builder_version=&#8221;4.27.4&#8243; _module_preset=&#8221;default&#8221; background_enable_color=&#8221;off&#8221; background_image=&#8221;https:\/\/agroalimentareoperadipadrepio.it\/wp-content\/uploads\/2025\/02\/IMG_2618-scaled.jpeg&#8221; parallax=&#8221;on&#8221; parallax_method=&#8221;on&#8221; min_height=&#8221;63em&#8221; height=&#8221;63em&#8221; global_colors_info=&#8221;{}&#8221;][\/et_pb_fullwidth_header][et_pb_fullwidth_header title=&#8221;TRADIZIONI&#8221; header_fullscreen=&#8221;on&#8221; header_scroll_down=&#8221;on&#8221; scroll_down_icon_color=&#8221;#4d0904&#8243; button_two_url=&#8221;#one&#8221; scroll_down_icon_size_tablet=&#8221;&#8221; scroll_down_icon_size_phone=&#8221;30px&#8221; scroll_down_icon_size_last_edited=&#8221;on|phone&#8221; admin_label=&#8221;tradizioni&#8221; module_id=&#8221;three&#8221; _builder_version=&#8221;4.27.4&#8243; _module_preset=&#8221;default&#8221; title_font=&#8221;Anton||||||||&#8221; title_text_align=&#8221;center&#8221; title_text_color=&#8221;#4d0904&#8243; title_font_size=&#8221;14vw&#8221; title_line_height=&#8221;2em&#8221; content_font=&#8221;Montserrat||||||||&#8221; content_text_align=&#8221;center&#8221; content_text_color=&#8221;#4d0904&#8243; content_font_size=&#8221;18px&#8221; background_color=&#8221;#f6f0e6&#8243; background_image=&#8221;https:\/\/agroalimentareoperadipadrepio.it\/wp-content\/uploads\/2024\/12\/3333.png&#8221; button_two_icon=&#8221;&#x3a;||divi||400&#8243; button_two_on_hover=&#8221;off&#8221; hover_enabled=&#8221;0&#8243; title_font_size_tablet=&#8221;5vw&#8221; title_font_size_phone=&#8221;32px&#8221; title_font_size_last_edited=&#8221;off|phone&#8221; button_two_text_size_tablet=&#8221;50px&#8221; button_two_text_size_phone=&#8221;30px&#8221; button_two_text_size_last_edited=&#8221;on|phone&#8221; custom_css_button_2=&#8221;position: absolute;padding-left:0.4em !important;top: 0;left: 0;right: 0;margin: 0 auto;width: 0px;&#8221; global_colors_info=&#8221;{}&#8221; button_two_bg_color__hover_enabled=&#8221;on|hover&#8221; sticky_enabled=&#8221;0&#8243;]<\/p>\n<p style=\"text-align: center;\">Le radici agricole del Gargano sono antiche e\u00a0 profonde, con tecniche di coltivazione che si tramandano <span style=\"color: #ff6600;\"><strong>di generazione in generazione<\/strong><\/span>. Le Aziende Agroalimentari Opera di Padre Pio valorizzano queste tradizioni, integrandole con metodi moderni di sostenibilit\u00e0 per <span style=\"color: #ff6600;\"><strong>preservare il paesaggio e garantire la continuit\u00e0 della qualit\u00e0 produttiva.<\/strong><\/span><\/p>\n<p>[\/et_pb_fullwidth_header][et_pb_fullwidth_header header_scroll_down=&#8221;on&#8221; scroll_down_icon_color=&#8221;#FFFFFF&#8221; scroll_down_icon_size_tablet=&#8221;&#8221; scroll_down_icon_size_phone=&#8221;30px&#8221; scroll_down_icon_size_last_edited=&#8221;on|phone&#8221; admin_label=&#8221;immagine&#8221; module_id=&#8221;four&#8221; _builder_version=&#8221;4.27.4&#8243; _module_preset=&#8221;default&#8221; background_enable_color=&#8221;off&#8221; background_image=&#8221;https:\/\/agroalimentareoperadipadrepio.it\/wp-content\/uploads\/2025\/02\/Progetto-senza-titolo233.png&#8221; min_height=&#8221;63em&#8221; height=&#8221;63em&#8221; hover_enabled=&#8221;0&#8243; global_colors_info=&#8221;{}&#8221; background_position=&#8221;center_right&#8221; sticky_enabled=&#8221;0&#8243;][\/et_pb_fullwidth_header][et_pb_fullwidth_header title=&#8221;BIODIVERSITA'&#8221; header_fullscreen=&#8221;on&#8221; header_scroll_down=&#8221;on&#8221; button_two_url=&#8221;#one&#8221; scroll_down_icon_size_tablet=&#8221;&#8221; scroll_down_icon_size_phone=&#8221;30px&#8221; scroll_down_icon_size_last_edited=&#8221;on|phone&#8221; admin_label=&#8221;biodiversita&#8221; module_id=&#8221;two&#8221; _builder_version=&#8221;4.27.4&#8243; _module_preset=&#8221;default&#8221; title_font=&#8221;Anton||||||||&#8221; title_text_align=&#8221;center&#8221; title_font_size=&#8221;14vw&#8221; title_line_height=&#8221;2em&#8221; content_font=&#8221;Montserrat||||||||&#8221; content_font_size=&#8221;18px&#8221; background_color=&#8221;#4d0904&#8243; background_image=&#8221;https:\/\/agroalimentareoperadipadrepio.it\/wp-content\/uploads\/2024\/12\/Copia-di-Copia-di-Azienda-Agroalimentari-Opera-di-Padre-Pio-2.png&#8221; button_two_icon=&#8221;&#x3a;||divi||400&#8243; button_two_on_hover=&#8221;off&#8221; title_font_size_tablet=&#8221;5vw&#8221; title_font_size_phone=&#8221;32px&#8221; title_font_size_last_edited=&#8221;off|desktop&#8221; button_two_text_size_tablet=&#8221;50px&#8221; button_two_text_size_phone=&#8221;30px&#8221; button_two_text_size_last_edited=&#8221;on|phone&#8221; custom_css_button_2=&#8221;position: absolute;padding-left:0.4em !important;top: 0;left: 0;right: 0;margin: 0 auto;width: 0px;&#8221; global_colors_info=&#8221;{}&#8221; button_two_bg_color__hover_enabled=&#8221;on|hover&#8221; background__hover_enabled=&#8221;off|desktop&#8221;]<\/p>\n<p style=\"text-align: center;\">La conservazione della biodiversit\u00e0 \u00e8 un principio chiave per le Aziende Agroalimentari<br \/>Opera di Padre Pio. La preservazione degli habitat naturali \u00e8 fondamentale per mantenere<br \/>l\u2019<span style=\"color: #fc5404;\"><strong>equilibrio ecologico<\/strong><\/span> di cui beneficia sia la terra che le comunit\u00e0 locali.<\/p>\n<p>[\/et_pb_fullwidth_header][\/et_pb_section]<\/p>\n","protected":false},"excerpt":{"rendered":"<p>Una terra i cui gli abitanti si confrontano con una natura mediterranea pi\u00f9 virile che materna: elementi forti, contrasti netti; da cui nascono prodotti che la natura ha selezionato anche con rudezza e che richiedono una mano dell\u2019uomo attenta e vigorosa, sensibile alla peculiarit\u00e0 del territorio e dei suoi doni.\u00a0 Tutte peculiarit\u00e0 comprese dal frate Padre Pio che, da figlio di contadini, ne conosceva la naturale integrit\u00e0 e salutariet\u00e0.Il clima del Gargano, influenzato dalla vicinanza al mare Adriatico, offre microclimi ideali per l&#8217;agricoltura. La combinazione di sole abbondate e brezze marine crea condizioni ottimali, assicurando prodotti di alt\u00e0 qualit\u00e0 e sani.Le radici agricole del Gargano sono antiche e\u00a0 profonde, con tecniche di coltivazione che si tramandano di generazione in generazione. Le Aziende Agroalimentari Opera di Padre Pio valorizzano queste tradizioni, integrandole con metodi moderni di sostenibilit\u00e0 per preservare il paesaggio e garantire la continuit\u00e0 della qualit\u00e0 produttiva.La conservazione della biodiversit\u00e0 \u00e8 un principio chiave per le Aziende AgroalimentariOpera di Padre Pio. La preservazione degli habitat naturali \u00e8 fondamentale per mantenerel\u2019equilibrio ecologico di cui beneficia sia la terra che le comunit\u00e0 locali.<\/p>\n","protected":false},"author":1,"featured_media":0,"parent":0,"menu_order":0,"comment_status":"closed","ping_status":"closed","template":"","meta":{"_et_pb_use_builder":"on","_et_pb_old_content":"","_et_gb_content_width":"","footnotes":""},"dipi_cpt_category":[],"class_list":["post-3512","page","type-page","status-publish","hentry"],"_links":{"self":[{"href":"https:\/\/agroalimentareoperadipadrepio.it\/index.php\/wp-json\/wp\/v2\/pages\/3512","targetHints":{"allow":["GET"]}}],"collection":[{"href":"https:\/\/agroalimentareoperadipadrepio.it\/index.php\/wp-json\/wp\/v2\/pages"}],"about":[{"href":"https:\/\/agroalimentareoperadipadrepio.it\/index.php\/wp-json\/wp\/v2\/types\/page"}],"author":[{"embeddable":true,"href":"https:\/\/agroalimentareoperadipadrepio.it\/index.php\/wp-json\/wp\/v2\/users\/1"}],"replies":[{"embeddable":true,"href":"https:\/\/agroalimentareoperadipadrepio.it\/index.php\/wp-json\/wp\/v2\/comments?post=3512"}],"version-history":[{"count":27,"href":"https:\/\/agroalimentareoperadipadrepio.it\/index.php\/wp-json\/wp\/v2\/pages\/3512\/revisions"}],"predecessor-version":[{"id":4723,"href":"https:\/\/agroalimentareoperadipadrepio.it\/index.php\/wp-json\/wp\/v2\/pages\/3512\/revisions\/4723"}],"wp:attachment":[{"href":"https:\/\/agroalimentareoperadipadrepio.it\/index.php\/wp-json\/wp\/v2\/media?parent=3512"}],"wp:term":[{"taxonomy":"dipi_cpt_category","embeddable":true,"href":"https:\/\/agroalimentareoperadipadrepio.it\/index.php\/wp-json\/wp\/v2\/dipi_cpt_category?post=3512"}],"curies":[{"name":"wp","href":"https:\/\/api.w.org\/{rel}","templated":true}]}}