{"id":4059,"date":"2025-02-06T16:40:29","date_gmt":"2025-02-06T16:40:29","guid":{"rendered":"https:\/\/agroalimentareoperadipadrepio.it\/?page_id=4059"},"modified":"2025-09-19T05:56:21","modified_gmt":"2025-09-19T05:56:21","slug":"il-caciocavallo","status":"publish","type":"page","link":"https:\/\/agroalimentareoperadipadrepio.it\/index.php\/il-caciocavallo\/","title":{"rendered":"il caciocavallo"},"content":{"rendered":"<p>[et_pb_section fb_built=&#8221;1&#8243; _builder_version=&#8221;4.27.4&#8243; _module_preset=&#8221;default&#8221; background_color=&#8221;#4d0904&#8243; background_enable_image=&#8221;off&#8221; width=&#8221;100%&#8221; min_height=&#8221;100vh&#8221; custom_padding=&#8221;||||false|false&#8221; custom_css_main_element=&#8221;display:flex;||flex-direction:column;&#8221; global_colors_info=&#8221;{}&#8221;][et_pb_row use_custom_gutter=&#8221;on&#8221; gutter_width=&#8221;1&#8243; _builder_version=&#8221;4.27.4&#8243; _module_preset=&#8221;default&#8221; width=&#8221;100%&#8221; max_width=&#8221;100%&#8221; custom_margin=&#8221;0px|0px|0px|0px|true|true&#8221; custom_padding=&#8221;0px|0px|0px|0px|true|true&#8221; global_colors_info=&#8221;{}&#8221;][et_pb_column type=&#8221;4_4&#8243; _builder_version=&#8221;4.27.4&#8243; _module_preset=&#8221;default&#8221; global_colors_info=&#8221;{}&#8221;][dipi_dual_heading first_heading=&#8221;il caciocavallo&#8221; fh_style=&#8221;background&#8221; fh_background_animation=&#8221;on&#8221; fh_background_animation_direction=&#8221;dipiBGBottomToTop&#8221; fh_background_style=&#8221;clipped&#8221; first_heading_image=&#8221;https:\/\/agroalimentareoperadipadrepio.it\/wp-content\/uploads\/2025\/03\/Copia-di-Copia-di-Copia-di-Progetto-senza-titolo5.png&#8221; first_heading_position=&#8221;bottom_right&#8221; _builder_version=&#8221;4.27.4&#8243; _module_preset=&#8221;default&#8221; first_heading_font=&#8221;Anton|||on|||||&#8221; first_heading_font_size=&#8221;160px&#8221; custom_margin=&#8221;0px||0px||true|false&#8221; custom_padding=&#8221;0px||0px||true|false&#8221; first_heading_font_size_tablet=&#8221;160px&#8221; first_heading_font_size_phone=&#8221;60px&#8221; first_heading_font_size_last_edited=&#8221;on|phone&#8221; global_colors_info=&#8221;{}&#8221;][\/dipi_dual_heading][et_pb_text _builder_version=&#8221;4.27.4&#8243; _module_preset=&#8221;default&#8221; text_font=&#8221;Montserrat||||||||&#8221; text_text_color=&#8221;#f6f0e6&#8243; text_font_size=&#8221;18px&#8221; custom_margin=&#8221;0px||0px||false|false&#8221; custom_padding=&#8221;0px|120px|0px|120px|true|true&#8221; custom_padding_tablet=&#8221;0px|120px|0px|120px|true|true&#8221; custom_padding_phone=&#8221;0px|10px|0px|10px|true|true&#8221; custom_padding_last_edited=&#8221;on|phone&#8221; global_colors_info=&#8221;{}&#8221;]<\/p>\n<div style=\"text-align: center;\">Il nostro caciocavallo \u00e8 un vero <strong><span style=\"color: #ff6600;\">omaggio alla tradizione<\/span><\/strong>, che merita di essere celebrata.<\/div>\n<div style=\"text-align: center;\">Molto pi\u00f9 di un semplice formaggio, \u00e8 una vera e propria opera d\u2019arte casearia, frutto di una <span style=\"color: #ff6600;\"><strong>tradizione tramandata da padre in figlio e tanta maestria<\/strong><\/span>.<\/div>\n<div style=\"text-align: center;\">Prodotto esclusivamente con latte vaccino fresco di nostra produzione, ha una <span style=\"color: #ff6600;\"><strong>consistenza elastica<\/strong><\/span>, un gusto avvolgente ma mai aggressivo,<\/div>\n<div style=\"text-align: center;\">che rende ogni assaggio un viaggio nei sapori autentici nella nostra terra: il Gargano.<\/div>\n<div style=\"text-align: center;\">Di colore giallo paglierino, ha crosta sottile e liscia.<\/div>\n<div style=\"text-align: center;\">All\u2019interno in base alla stagionatura, \u00e8 morbido, se di stagionatura minima (2 mesi) e via via pi\u00f9 compatto e dal<\/div>\n<div style=\"text-align: center;\">gusto tendenzialmente pi\u00f9 piccante se lasciato stagionare.<\/div>\n<p>[\/et_pb_text][dipi_image_hotspot img_src=&#8221;https:\/\/agroalimentareoperadipadrepio.it\/wp-content\/uploads\/2025\/02\/caciocavallo-1.png&#8221; _builder_version=&#8221;4.27.4&#8243; _module_preset=&#8221;default&#8221; width=&#8221;47%&#8221; width_tablet=&#8221;47%&#8221; width_phone=&#8221;100%&#8221; width_last_edited=&#8221;on|phone&#8221; module_alignment=&#8221;center&#8221; global_colors_info=&#8221;{}&#8221;][dipi_image_hotspot_child title=&#8221;TEXTURE E GUSTO&#8221; use_hotspot_icon=&#8221;on&#8221; hotspot_icon=&#8221;&#x5c;||divi||400&#8243; hotspot_icon_color=&#8221;#e74636&#8243; use_hotspot_icon_font_size=&#8221;on&#8221; hotspot_icon_size=&#8221;20px&#8221; hotspot_ripple_effect=&#8221;on&#8221; hotspot_ripple_effect_style=&#8221;style-2&#8243; hotspot_ripple_effect_color=&#8221;#FFFFFF&#8221; hotspot_position_vertical=&#8221;38.7%&#8221; hotspot_position_horizontal=&#8221;30.8%&#8221; tooltip_bg=&#8221;#f6f0e6&#8243; tooltip_title=&#8221;TEXTURE E GUSTO&#8221; tooltip_desc=&#8221;<\/p>\n<p>Il colore giallo paglierino e la crosta sottile e liscia introducono a un&#8217;interno che varia dalla morbidezza di una stagionatura minima di due mesi, a una consistenza pi\u00f9 compatta e un <strong>sapore deciso e lievemente piccante<\/strong> con stagionature pi\u00f9 lunghe.<\/p>\n<p>&#8221; tooltip_content_align=&#8221;center&#8221; tooltip_padding=&#8221;20px|10px|10px|10px|false|false&#8221; _builder_version=&#8221;4.27.4&#8243; _module_preset=&#8221;default&#8221; tooltip_title_level=&#8221;h3&#8243; tooltip_title_font=&#8221;Anton|||on|||||&#8221; tooltip_title_text_color=&#8221;#e74636&#8243; tooltip_desc_font=&#8221;Montserrat||||||||&#8221; tooltip_desc_text_color=&#8221;#4d0904&#8243; custom_padding=&#8221;||||false|false&#8221; border_radii_tooltip_box=&#8221;on|20px|20px|20px|20px&#8221; global_colors_info=&#8221;{}&#8221;][\/dipi_image_hotspot_child][dipi_image_hotspot_child title=&#8221;SENZA CONSERVANTI&#8221; use_hotspot_icon=&#8221;on&#8221; hotspot_icon=&#8221;&#x5c;||divi||400&#8243; hotspot_icon_color=&#8221;#e74636&#8243; use_hotspot_icon_font_size=&#8221;on&#8221; hotspot_icon_size=&#8221;20px&#8221; hotspot_ripple_effect=&#8221;on&#8221; hotspot_ripple_effect_style=&#8221;style-2&#8243; hotspot_ripple_effect_color=&#8221;#FFFFFF&#8221; hotspot_position_vertical=&#8221;54.3%&#8221; hotspot_position_horizontal=&#8221;84.2%&#8221; tooltip_bg=&#8221;#f6f0e6&#8243; tooltip_title=&#8221;SENZA CONSERVANTI&#8221; tooltip_desc=&#8221;<\/p>\n<p>Manteniamo la purezza dei nostri formaggi, esaltando la naturalezza dei sapori <strong>senza l&#8217;uso di additivi<\/strong><\/p>\n<p>&#8221; tooltip_position=&#8221;right&#8221; tooltip_content_align=&#8221;center&#8221; tooltip_padding=&#8221;20px|10px|10px|10px|false|false&#8221; _builder_version=&#8221;4.27.4&#8243; _module_preset=&#8221;default&#8221; tooltip_title_level=&#8221;h3&#8243; tooltip_title_font=&#8221;Anton|||on|||||&#8221; tooltip_title_text_color=&#8221;#e74636&#8243; tooltip_desc_font=&#8221;Montserrat||||||||&#8221; tooltip_desc_text_color=&#8221;#4d0904&#8243; custom_padding=&#8221;||||false|false&#8221; border_radii_tooltip_box=&#8221;on|20px|20px|20px|20px&#8221; global_colors_info=&#8221;{}&#8221;][\/dipi_image_hotspot_child][dipi_image_hotspot_child title=&#8221;Valori Medi&#8221; use_hotspot_icon=&#8221;on&#8221; hotspot_icon=&#8221;&#x5c;||divi||400&#8243; hotspot_icon_color=&#8221;#e74636&#8243; use_hotspot_icon_font_size=&#8221;on&#8221; hotspot_icon_size=&#8221;20px&#8221; hotspot_ripple_effect=&#8221;on&#8221; hotspot_ripple_effect_style=&#8221;style-2&#8243; hotspot_ripple_effect_color=&#8221;#FFFFFF&#8221; hotspot_position_vertical=&#8221;12.6%&#8221; hotspot_position_horizontal=&#8221;58.8%&#8221; tooltip_bg=&#8221;#f6f0e6&#8243; tooltip_title=&#8221;NUTRIENTI&#8221; tooltip_desc=&#8221;<\/p>\n<p><img src=%22https:\/\/agroalimentareoperadipadrepio.it\/wp-content\/uploads\/2025\/02\/caciocavallo-nutrienti-300x300.png%22 width=%22300%22 height=%22300%22 alt=%22%22 class=%22wp-image-4065 alignnone size-medium%22 \/><\/p>\n<p>&#8221; tooltip_position=&#8221;right&#8221; tooltip_width=&#8221;265px&#8221; tooltip_content_align=&#8221;center&#8221; tooltip_padding=&#8221;20px|20px|0px|20px|false|true&#8221; _builder_version=&#8221;4.27.4&#8243; _module_preset=&#8221;default&#8221; tooltip_title_level=&#8221;h3&#8243; tooltip_title_font=&#8221;Anton||||||||&#8221; tooltip_title_text_color=&#8221;#e74636&#8243; border_radii_tooltip_box=&#8221;on|20px|20px|20px|20px&#8221; global_colors_info=&#8221;{}&#8221;][\/dipi_image_hotspot_child][dipi_image_hotspot_child title=&#8221;STORIA E TRADIZIONE&#8221; use_hotspot_icon=&#8221;on&#8221; hotspot_icon=&#8221;&#x5c;||divi||400&#8243; hotspot_icon_color=&#8221;#e74636&#8243; use_hotspot_icon_font_size=&#8221;on&#8221; hotspot_icon_size=&#8221;20px&#8221; hotspot_ripple_effect=&#8221;on&#8221; hotspot_ripple_effect_style=&#8221;style-2&#8243; hotspot_ripple_effect_color=&#8221;#FFFFFF&#8221; hotspot_position_vertical=&#8221;68.9%&#8221; hotspot_position_horizontal=&#8221;10.6%&#8221; tooltip_bg=&#8221;#f6f0e6&#8243; tooltip_title=&#8221;STORIA E TRADIZIONE&#8221; tooltip_desc=&#8221;<\/p>\n<p>Il nome %22Caciocavallo%22 si dice derivi dalle antiche tecniche di stagionatura, dove i formaggi venivano appesi &#8216;a cavallo&#8217; di una trave, <strong>metodo che abbiamo preservato e perfezionato<\/strong>.<\/p>\n<p>&#8221; tooltip_position=&#8221;bottom&#8221; tooltip_content_align=&#8221;center&#8221; tooltip_padding=&#8221;20px|10px|10px|10px|false|false&#8221; _builder_version=&#8221;4.27.4&#8243; _module_preset=&#8221;default&#8221; tooltip_title_level=&#8221;h3&#8243; tooltip_title_font=&#8221;Anton|||on|||||&#8221; tooltip_title_text_color=&#8221;#e74636&#8243; tooltip_desc_font=&#8221;Montserrat||||||||&#8221; tooltip_desc_text_color=&#8221;#4d0904&#8243; custom_padding=&#8221;||||false|false&#8221; border_radii_tooltip_box=&#8221;on|20px|20px|20px|20px&#8221; global_colors_info=&#8221;{}&#8221;][\/dipi_image_hotspot_child][dipi_image_hotspot_child title=&#8221;MARCHIO A FUOCO&#8221; use_hotspot_icon=&#8221;on&#8221; hotspot_icon=&#8221;&#x5c;||divi||400&#8243; hotspot_icon_color=&#8221;#e74636&#8243; use_hotspot_icon_font_size=&#8221;on&#8221; hotspot_icon_size=&#8221;20px&#8221; hotspot_ripple_effect=&#8221;on&#8221; hotspot_ripple_effect_style=&#8221;style-2&#8243; hotspot_ripple_effect_color=&#8221;#FFFFFF&#8221; hotspot_position_vertical=&#8221;80.2%&#8221; hotspot_position_horizontal=&#8221;45.7%&#8221; tooltip_bg=&#8221;#f6f0e6&#8243; tooltip_title=&#8221;MARCHIO A FUOCO&#8221; tooltip_desc=&#8221;<\/p>\n<p><strong>Il nostro timbro di qualit\u00e0<\/strong><\/p>\n<p>&#8221; tooltip_content_align=&#8221;center&#8221; tooltip_padding=&#8221;20px|10px|10px|10px|false|false&#8221; _builder_version=&#8221;4.27.4&#8243; _module_preset=&#8221;default&#8221; tooltip_title_level=&#8221;h3&#8243; tooltip_title_font=&#8221;Anton|||on|||||&#8221; tooltip_title_text_color=&#8221;#e74636&#8243; tooltip_desc_font=&#8221;Montserrat||||||||&#8221; tooltip_desc_text_color=&#8221;#4d0904&#8243; custom_padding=&#8221;||||false|false&#8221; border_radii_tooltip_box=&#8221;on|20px|20px|20px|20px&#8221; global_colors_info=&#8221;{}&#8221;][\/dipi_image_hotspot_child][\/dipi_image_hotspot][et_pb_image src=&#8221;https:\/\/agroalimentareoperadipadrepio.it\/wp-content\/uploads\/2025\/02\/caciocavallo-header.png&#8221; title_text=&#8221;caciocavallo header&#8221; _builder_version=&#8221;4.27.4&#8243; _module_preset=&#8221;default&#8221; width=&#8221;52%&#8221; module_alignment=&#8221;center&#8221; global_colors_info=&#8221;{}&#8221;][\/et_pb_image][\/et_pb_column][\/et_pb_row][\/et_pb_section][et_pb_section fb_built=&#8221;1&#8243; _builder_version=&#8221;4.27.4&#8243; _module_preset=&#8221;default&#8221; background_color=&#8221;#f6f0e6&#8243; background_image=&#8221;https:\/\/agroalimentareoperadipadrepio.it\/wp-content\/uploads\/2025\/01\/Il-latte-fresco-Posta-La-Via-nasce-dal-progetto-di-Padre-Pio-di-offrire-alle-partorienti-dellospedale-Casa-Sollievo-della-Sofferenza-da-Lui-voluto-il-latte-fresco-delle-sue-mucche-e-alimenti3.png&#8221; global_colors_info=&#8221;{}&#8221;][et_pb_row _builder_version=&#8221;4.27.4&#8243; _module_preset=&#8221;default&#8221; global_colors_info=&#8221;{}&#8221;][et_pb_column type=&#8221;4_4&#8243; _builder_version=&#8221;4.27.4&#8243; _module_preset=&#8221;default&#8221; global_colors_info=&#8221;{}&#8221;][et_pb_image src=&#8221;https:\/\/agroalimentareoperadipadrepio.it\/wp-content\/uploads\/2025\/01\/Senza-titolo-5000-x-2000-px-1.png&#8221; title_text=&#8221;Senza titolo (5000 x 2000 px) (1)&#8221; _builder_version=&#8221;4.27.4&#8243; _module_preset=&#8221;default&#8221; width=&#8221;35%&#8221; width_tablet=&#8221;35%&#8221; width_phone=&#8221;100%&#8221; width_last_edited=&#8221;on|phone&#8221; module_alignment=&#8221;center&#8221; custom_padding=&#8221;||100px||false|false&#8221; animation_style=&#8221;slide&#8221; global_colors_info=&#8221;{}&#8221;][\/et_pb_image][dipi_text_highlighter text_highlighter_text=&#8221;perch\u00e8 sceglierci?&#8221; highlight_shape=&#8221;multiline&#8221; stroke_color=&#8221;#e74636&#8243; stroke_width=&#8221;8px&#8221; _builder_version=&#8221;4.27.4&#8243; _module_preset=&#8221;default&#8221; all_text_font=&#8221;Anton||||||||&#8221; all_text_text_align=&#8221;center&#8221; all_text_text_color=&#8221;#4d0904&#8243; all_text_font_size=&#8221;61px&#8221; custom_margin=&#8221;||||false|false&#8221; custom_padding=&#8221;||40px||false|false&#8221; global_colors_info=&#8221;{}&#8221;][\/dipi_text_highlighter][dipi_expanding_cta content_image=&#8221;https:\/\/agroalimentareoperadipadrepio.it\/wp-content\/uploads\/2025\/01\/1.2.png&#8221; content_title=&#8221;Utilizziamo esclusivamente latte vaccino fresco&#8221; content_description=&#8221;<\/p>\n<div class=%22dipi_expanding_cta_container %22 data-config=%22{%22 hide_header=%22%22 :=%22%22 off=%22%22 hide_backtotop=%22%22 dipi_expanding_cta_class=%22%22 dipi_expanding_cta_2=%22%22 dipi_expanding_cta_order_number=%22%22 2=%22%22>\n<div class=%22dipi_expanding_cta-content-wrapper%22>\n<div class=%22dipi_expanding_cta-content%22>\n<div class=%22dipi-content-text%22>\n<div class=%22dipi-desc%22>\n<p>Produciamo il nostro Caciocavallo solo con <strong>latte fresco raccolto direttamente dalle nostre stalle<\/strong>, garantendo un&#8217;origine pura e controllata per ogni formaggio<\/p>\n<\/div>\n<\/div>\n<div class=%22dipi-button-wrapper%22><\/div>\n<\/div>\n<\/div>\n<\/div>\n<p>&#8221; content_image_icon_width=&#8221;70px&#8221; content_desc_padding=&#8221;0px|0px|0px|0px|false|false&#8221; container_padding=&#8221;0px|0px|0px|0px|false|false&#8221; content_bg_enable_image=&#8221;off&#8221; overlay_bg_image=&#8221;https:\/\/agroalimentareoperadipadrepio.it\/wp-content\/uploads\/2025\/02\/caciocavallo-bg.png&#8221; _builder_version=&#8221;4.27.4&#8243; _module_preset=&#8221;default&#8221; content_title_font=&#8221;Anton||||||||&#8221; content_title_text_color=&#8221;#e74636&#8243; content_title_font_size=&#8221;48px&#8221; content_desc_font=&#8221;Montserrat||||||||&#8221; content_desc_text_color=&#8221;#4d0904&#8243; image_icon_custom_padding=&#8221;||90px||false|false&#8221; custom_margin=&#8221;20px||100px||false|false&#8221; custom_padding=&#8221;|50px||50px|false|true&#8221; custom_padding_tablet=&#8221;|50px||50px|false|true&#8221; custom_padding_phone=&#8221;|10px||10px|false|true&#8221; custom_padding_last_edited=&#8221;on|phone&#8221; content_title_text_shadow_style=&#8221;preset1&#8243; content_title_text_shadow_blur_strength=&#8221;-0.1em&#8221; global_colors_info=&#8221;{}&#8221;][\/dipi_expanding_cta][dipi_expanding_cta content_image=&#8221;https:\/\/agroalimentareoperadipadrepio.it\/wp-content\/uploads\/2025\/01\/2.2.png&#8221; content_title=&#8221;Offriamo una consistenza e un sapore unici&#8221; content_description=&#8221;<\/p>\n<div class=%22dipi_expanding_cta_container %22 data-config=%22{%22 hide_header=%22%22 :=%22%22 off=%22%22 hide_backtotop=%22%22 dipi_expanding_cta_class=%22%22 dipi_expanding_cta_2=%22%22 dipi_expanding_cta_order_number=%22%22 2=%22%22>\n<div class=%22dipi_expanding_cta-content-wrapper%22>\n<div class=%22dipi_expanding_cta-content%22>\n<div class=%22dipi-content-text%22>\n<div class=%22dipi-desc%22>\n<p>Il nostro formaggio si distingue per la sua consistenza elastica e un gusto equilibrato e avvolgente, che cattura <strong>l&#8217;essenza del nostro territorio del Gargano<\/strong><\/p>\n<\/div>\n<\/div>\n<div class=%22dipi-button-wrapper%22><\/div>\n<\/div>\n<\/div>\n<\/div>\n<p>&#8221; content_image_icon_width=&#8221;70px&#8221; content_desc_padding=&#8221;0px|0px|0px|0px|false|false&#8221; container_padding=&#8221;0px|0px|0px|0px|false|false&#8221; content_bg_enable_image=&#8221;off&#8221; overlay_bg_image=&#8221;https:\/\/agroalimentareoperadipadrepio.it\/wp-content\/uploads\/2025\/02\/caciocavallo-bg.png&#8221; _builder_version=&#8221;4.27.4&#8243; _module_preset=&#8221;default&#8221; content_title_font=&#8221;Anton||||||||&#8221; content_title_text_color=&#8221;#e74636&#8243; content_title_font_size=&#8221;48px&#8221; content_desc_font=&#8221;Montserrat||||||||&#8221; content_desc_text_color=&#8221;#4d0904&#8243; image_icon_custom_padding=&#8221;||90px||false|false&#8221; custom_margin=&#8221;20px||100px||false|false&#8221; custom_padding=&#8221;|50px||50px|false|true&#8221; custom_padding_tablet=&#8221;|50px||50px|false|true&#8221; custom_padding_phone=&#8221;|10px||10px|false|true&#8221; custom_padding_last_edited=&#8221;on|phone&#8221; content_title_text_shadow_style=&#8221;preset1&#8243; content_title_text_shadow_blur_strength=&#8221;-0.1em&#8221; global_colors_info=&#8221;{}&#8221;][\/dipi_expanding_cta][dipi_expanding_cta content_image=&#8221;https:\/\/agroalimentareoperadipadrepio.it\/wp-content\/uploads\/2025\/01\/3.2.png&#8221; content_title=&#8221;Esaltiamo i sapori con maestria artigianale&#8221; content_description=&#8221;<\/p>\n<div class=%22dipi_expanding_cta_container %22 data-config=%22{%22 hide_header=%22%22 :=%22%22 off=%22%22 hide_backtotop=%22%22 dipi_expanding_cta_class=%22%22 dipi_expanding_cta_2=%22%22 dipi_expanding_cta_order_number=%22%22 2=%22%22>\n<div class=%22dipi_expanding_cta-content-wrapper%22>\n<div class=%22dipi_expanding_cta-content%22>\n<div class=%22dipi-content-text%22>\n<div class=%22dipi-desc%22>\n<p>Ogni fase della produzione \u00e8 curata con <strong>meticolosa attenzione artigianale<\/strong>, permettendoci di infondere profondit\u00e0 e ricchezza in ogni boccone del nostro Caciocavallo<\/p>\n<\/div>\n<\/div>\n<div class=%22dipi-button-wrapper%22><\/div>\n<\/div>\n<\/div>\n<\/div>\n<p>&#8221; content_image_icon_width=&#8221;70px&#8221; content_desc_padding=&#8221;0px|0px|0px|0px|false|false&#8221; container_padding=&#8221;0px|0px|0px|0px|false|false&#8221; content_bg_enable_image=&#8221;off&#8221; overlay_bg_image=&#8221;https:\/\/agroalimentareoperadipadrepio.it\/wp-content\/uploads\/2025\/02\/caciocavallo-bg.png&#8221; _builder_version=&#8221;4.27.4&#8243; _module_preset=&#8221;default&#8221; content_title_font=&#8221;Anton||||||||&#8221; content_title_text_color=&#8221;#e74636&#8243; content_title_font_size=&#8221;48px&#8221; content_desc_font=&#8221;Montserrat||||||||&#8221; content_desc_text_color=&#8221;#4d0904&#8243; image_icon_custom_padding=&#8221;||90px||false|false&#8221; custom_margin=&#8221;20px||100px||false|false&#8221; custom_padding=&#8221;|50px||50px|false|true&#8221; custom_padding_tablet=&#8221;|50px||50px|false|true&#8221; custom_padding_phone=&#8221;|10px||10px|false|true&#8221; custom_padding_last_edited=&#8221;on|phone&#8221; content_title_text_shadow_style=&#8221;preset1&#8243; content_title_text_shadow_blur_strength=&#8221;-0.1em&#8221; global_colors_info=&#8221;{}&#8221;][\/dipi_expanding_cta][\/et_pb_column][\/et_pb_row][\/et_pb_section]<\/p>\n","protected":false},"excerpt":{"rendered":"<p><div class=\"et_pb_module dipi_dual_heading dipi_dual_heading_0\">\n\t\t\t\t\n\t\t\t\t\n\t\t\t\t\n\t\t\t\t\n\t\t\t\t\n\t\t\t\t\n\t\t\t\t<div class=\"et_pb_module_inner\">\n\t\t\t\t\t\n                <div class=\"dipi-dual-heading \">\n                    <h2 class=\"dipi-dh-main\">\n                        <span class=\"dipi-dh-first-heading\">\n                            <span class=\"dipi-dh-animation-container\">\n                                <span class=\"dipi-dh-bg-container\">\n                                    il caciocavallo\n                                <\/span>\n                            <\/span>\n                        <\/span>\n                        <span class=\"dipi-dh-second-heading\">\n                            <span class=\"dipi-dh-animation-container\">\n                                <span class=\"dipi-dh-bg-container\">\n                                    \n                                <\/span>\n                            <\/span>\n                        <\/span>\n                    <\/h2>\n                <\/div>\n\t\t\t\t<\/div>\n\t\t\t<\/div>Il nostro caciocavallo \u00e8 un vero omaggio alla tradizione, che merita di essere celebrata. Molto pi\u00f9 di un semplice formaggio, \u00e8 una vera e propria opera d\u2019arte casearia, frutto di una tradizione tramandata da padre in figlio e tanta maestria. Prodotto esclusivamente con latte vaccino fresco di nostra produzione, ha una consistenza elastica, un gusto avvolgente ma mai aggressivo, che rende ogni assaggio un viaggio nei sapori autentici nella nostra terra: il Gargano. Di colore giallo paglierino, ha crosta sottile e liscia. All\u2019interno in base alla stagionatura, \u00e8 morbido, se di stagionatura minima (2 mesi) e via via pi\u00f9 compatto e dal gusto tendenzialmente pi\u00f9 piccante se lasciato stagionare.<div class=\"et_pb_module dipi_image_hotspot dipi_image_hotspot_0\">\n\t\t\t\t\n\t\t\t\t\n\t\t\t\t\n\t\t\t\t\n\t\t\t\t\n\t\t\t\t\n\t\t\t\t<div class=\"et_pb_module_inner\">\n\t\t\t\t\t\n\t\t\t<div class=\"dipi-image-hotspot dipi-trigger_on_click-off\" data-order-number=\"0\">\n\t\t\t\t<img decoding=\"async\" src=\"https:\/\/agroalimentareoperadipadrepio.it\/wp-content\/uploads\/2025\/02\/caciocavallo-1.png\" class=\"dipi-hotspot-bg-image-main\" alt=\"\">\n\t\t\t\t\n\t\t\t<\/div>\n\t\t\t\t<\/div>\n\t\t\t<\/div><div class=\"et_pb_module dipi_image_hotspot_child dipi_image_hotspot_child_0\">\n\t\t\t\t\n\t\t\t\t\n\t\t\t\t\n\t\t\t\t\n\t\t\t\t\n\t\t\t\t\n\t\t\t\t<div class=\"et_pb_module_inner\">\n\t\t\t\t\t\n            <div class=\"dipi-image-hotspot-child\">\n                \n                    <div\n                        class=\"dipi-tooltip-wrap dipi-tooltip-position-left  animated fadeIn\"\n                        data-order-number=\"0\"\n                    >\n                        \n                        \n            <&#8221;h3&#8243; class=\"dipi-tooltip-title\">\n                &#8221;TEXTURE\n            <\/&#8221;h3&#8243;>\n                        \n            <div class=\"dipi-tooltip-desc\">\n                &#8221;Il\n            <\/div>\n                        \n                    <\/div>\n                \n            <div class=\"dipi-hotspot\">\n                \n                    <img decoding=\"async\" style=\"animation: pulse-key1581597964 3s linear infinite;\" src=\"\" class=\"dipi-hotspot-image\" alt=\"\">\n                    \n                    \n                \n            <\/div>\n            <\/div>\n\t\t\t\t<\/div>\n\t\t\t<\/div><\/p>\n","protected":false},"author":1,"featured_media":0,"parent":0,"menu_order":0,"comment_status":"closed","ping_status":"closed","template":"","meta":{"_et_pb_use_builder":"on","_et_pb_old_content":"","_et_gb_content_width":"","footnotes":""},"dipi_cpt_category":[],"class_list":["post-4059","page","type-page","status-publish","hentry"],"_links":{"self":[{"href":"https:\/\/agroalimentareoperadipadrepio.it\/index.php\/wp-json\/wp\/v2\/pages\/4059","targetHints":{"allow":["GET"]}}],"collection":[{"href":"https:\/\/agroalimentareoperadipadrepio.it\/index.php\/wp-json\/wp\/v2\/pages"}],"about":[{"href":"https:\/\/agroalimentareoperadipadrepio.it\/index.php\/wp-json\/wp\/v2\/types\/page"}],"author":[{"embeddable":true,"href":"https:\/\/agroalimentareoperadipadrepio.it\/index.php\/wp-json\/wp\/v2\/users\/1"}],"replies":[{"embeddable":true,"href":"https:\/\/agroalimentareoperadipadrepio.it\/index.php\/wp-json\/wp\/v2\/comments?post=4059"}],"version-history":[{"count":12,"href":"https:\/\/agroalimentareoperadipadrepio.it\/index.php\/wp-json\/wp\/v2\/pages\/4059\/revisions"}],"predecessor-version":[{"id":4833,"href":"https:\/\/agroalimentareoperadipadrepio.it\/index.php\/wp-json\/wp\/v2\/pages\/4059\/revisions\/4833"}],"wp:attachment":[{"href":"https:\/\/agroalimentareoperadipadrepio.it\/index.php\/wp-json\/wp\/v2\/media?parent=4059"}],"wp:term":[{"taxonomy":"dipi_cpt_category","embeddable":true,"href":"https:\/\/agroalimentareoperadipadrepio.it\/index.php\/wp-json\/wp\/v2\/dipi_cpt_category?post=4059"}],"curies":[{"name":"wp","href":"https:\/\/api.w.org\/{rel}","templated":true}]}}