{"id":4107,"date":"2025-02-06T18:28:13","date_gmt":"2025-02-06T18:28:13","guid":{"rendered":"https:\/\/agroalimentareoperadipadrepio.it\/?page_id=4107"},"modified":"2025-09-17T06:50:23","modified_gmt":"2025-09-17T06:50:23","slug":"immobiliare","status":"publish","type":"page","link":"https:\/\/agroalimentareoperadipadrepio.it\/index.php\/immobiliare\/","title":{"rendered":"immobiliare"},"content":{"rendered":"<p>[et_pb_section fb_built=&#8221;1&#8243; _builder_version=&#8221;4.27.4&#8243; _module_preset=&#8221;default&#8221; background_color=&#8221;#f6f0e6&#8243; global_colors_info=&#8221;{}&#8221;][et_pb_row _builder_version=&#8221;4.27.4&#8243; _module_preset=&#8221;default&#8221; background_image=&#8221;https:\/\/agroalimentareoperadipadrepio.it\/wp-content\/uploads\/2024\/12\/3333.png&#8221; background_size=&#8221;initial&#8221; hover_enabled=&#8221;0&#8243; global_colors_info=&#8221;{}&#8221; background_last_edited=&#8221;on|phone&#8221; sticky_enabled=&#8221;0&#8243; background_enable_image_phone=&#8221;off&#8221;][et_pb_column type=&#8221;4_4&#8243; _builder_version=&#8221;4.27.4&#8243; _module_preset=&#8221;default&#8221; global_colors_info=&#8221;{}&#8221;][dipi_dual_heading first_heading=&#8221;l&#8217;immobiliare&#8221; fh_style=&#8221;background&#8221; fh_background_animation=&#8221;on&#8221; fh_background_animation_direction=&#8221;dipiBGBottomToTop&#8221; fh_background_style=&#8221;clipped&#8221; first_heading_image=&#8221;https:\/\/agroalimentareoperadipadrepio.it\/wp-content\/uploads\/2025\/03\/Copia-di-Copia-di-Copia-di-Progetto-senza-titolo4.png&#8221; first_heading_position=&#8221;bottom_right&#8221; _builder_version=&#8221;4.27.4&#8243; _module_preset=&#8221;default&#8221; first_heading_font=&#8221;Anton|||on|||||&#8221; first_heading_font_size=&#8221;160px&#8221; custom_margin=&#8221;0px||0px||true|false&#8221; custom_padding=&#8221;0px||0px||true|false&#8221; hover_enabled=&#8221;0&#8243; global_colors_info=&#8221;{}&#8221; first_heading_font_size_last_edited=&#8221;on|phone&#8221; first_heading_font_size_phone=&#8221;45px&#8221; sticky_enabled=&#8221;0&#8243; first_heading_font_size_tablet=&#8221;160px&#8221;][\/dipi_dual_heading][et_pb_text _builder_version=&#8221;4.27.4&#8243; _module_preset=&#8221;default&#8221; text_font=&#8221;Montserrat||||||||&#8221; text_font_size=&#8221;16px&#8221; text_orientation=&#8221;center&#8221; global_colors_info=&#8221;{}&#8221;]<\/p>\n<p><em><\/em><\/p>\n<p><em>&#8220;Condizioni operative e sviluppo della societ\u00e0 Il 5 ottobre 1946, si costituiva l&#8217;<strong>IMMOBILIARE CASA<\/strong><\/em><br \/><em><strong>SOLLIEVO DELLA SOFFERENZA S.p.A.<\/strong><\/em>, con sede legale ed amministrativa a San Giovanni Rotondo.<br \/>Progetto fortemente desiderato da San Pio &#8211; il quale, nel 1957, a seguito Pagina 1 Relazione sulla<br \/>gestione al Bilancio al 31\/12\/2023 IMMOBILIARE CASA SOLLIEVO DELLA SOFFERENZA S.P.A.<br \/>dell&#8217;aumento del capitale sociale a duecento milioni di lire, ne divenne il socio di maggioranza con<br \/>n. 199.934 azioni &#8211; realizzato per Sua mano ed incentrato sulla costruzione dell&#8217;Ospedale, da Lui<br \/>presentato nel discorso inaugurale del 5 maggio 1956, rivolto ai benefattori, come &#8220;creatura che la<br \/>Provvidenza &#8211; aiutata da Voi &#8211; ha creato&#8221;. Lo scopo precipuo del progetto &#8211; che \u00e8 quello di sostenere<br \/>la ricerca, l&#8217;organizzazione ed il possesso di tutti i mezzi opportuni e necessari, sia economici che<br \/>scientifici, tecnici, industriali e commerciali da destinare, come stabile organizzazione, all&#8217;attivit\u00e0<br \/>clinica ospedaliera &#8211; veniva poi a completarsi con la costituzione della Fondazione omonima. La<br \/>Societ\u00e0 e la Fondazione sono, quindi, gli strumenti che, pur nella loro autonomia e differente<br \/>tipologia soggettiva, concorrono alla realizzazione del disegno indicato da Padre Pio, la c.d.<br \/>&#8220;Opera&#8221;. L&#8217;attivit\u00e0 istituzionale della Societ\u00e0, per la quale lo stesso Fondatore ne concep\u00ec la<br \/>costituzione, \u00e8 quella di amministrare il patrimonio immobiliare, strumentale e non, dell&#8217;Opera di<br \/>San Pio da Pietrelcina. Nello Statuto approvato dall&#8217;assemblea dei soci il 30 settembre 2004, per<br \/>l&#8217;adeguamento ai Decreti Legislativi n. 6 e n. 5 del 17 gennaio 2003, si determina l&#8217;oggetto sociale<br \/>nell&#8217;acquisto, vendita, permuta, locazione, conduzione di propriet\u00e0 immobiliari rustiche ed urbane,<br \/>realizzazione di costruzioni edilizie anche ad uso di cliniche, case di cura, ospedali, case per anziani,<br \/>case protette, case alberghi, centri di studio e formazione spirituale, case di accoglienza dei<br \/>pellegrini e dei malati ed inoltre nello svolgimento dell&#8217;attivit\u00e0 agricola. Il tutto &#8211; aggiunge la<br \/>previsione statutaria &#8211; nello spirito e secondo le intenzioni del Santo Fondatore.<br \/>La gestione immobiliare riguarda anzitutto l&#8217;<strong>Ospedale Casa Sollievo della Sofferenza<\/strong>. La Societ\u00e0 \u00e8<br \/>titolare del diritto di nuda propriet\u00e0 e la Fondazione Casa Sollievo della Sofferenza del diritto di<br \/>usufrutto decennale.<br \/>Altri beni sono costituiti da: &#8220;il <strong>Poliambulatorio Giovanni Paolo II<\/strong>&#8220;; l&#8217; &#8220;<strong>Albergo Santa Maria delle<\/strong><br \/><strong>Grazie<\/strong>&#8221; la &#8220;Casa di Riposo Padre Pio&#8221; capannoni&#8221;; terreni agricoli, fabbricati rurali e civili; &#8220;fabbricati adibiti<\/p>\n<p>a civile abitazione o ad attivit\u00e0 commerciali&#8221; beni immobili non strumentali (villini<br \/>e fabbricati). Le attivit\u00e0 agricole della Societ\u00e0 sono iniziate nella primavera del 1954, presso la<br \/>masseria S. Antonio, per volont\u00e0 di Padre Pio e dei suoi pi\u00f9 stretti collaboratori &#8220;al solo fine di<br \/>produrre alimenti da destinare agli ammalati della Clinica Casa Sollievo della Sofferenza&#8221;. Nei<br \/>decenni successivi e sino alla fine degli anni &#8217;90, le aziende agricole si sono ampliate di pari passo<br \/>allo sviluppo dell&#8217;Ospedale. In seguito, la riorganizzazione del servizio mensa dell&#8217;Ospedale e delle<br \/>strutture extraospedaliere avvenuta negli anni 2005\/2008 hanno condizionato in modo rilevante le<br \/>attivit\u00e0 e le finalit\u00e0 delle aziende stesse; infatti, pur continuando a perseguire la loro primaria<br \/>finalit\u00e0: produrre alimenti di qualit\u00e0 per gli ammalati della Casa Sollievo della Sofferenza, si sono<br \/>aperte al mercato esterno per trovare altre forme di reddito per la loro sussistenza.<br \/>Oggi le aziende agricole svolgono la loro attivit\u00e0 presso la <strong>Masseria Calderoso<\/strong> e presso l&#8217;<strong>Azienda<\/strong><br \/><strong>Posta la Via<\/strong>. La prima, sita in agro di San Marco in Lamis, \u00e8 costituita da un edificio del 1790 con<br \/>annesso frantoio e da 70 ettari di uliveto. In questa azienda si produce olio extra vergine di oliva da<\/p>\n<p>agricoltura biologica e, dal mese di aprile 2010, si esercita anche l&#8217;attivit\u00e0 agrituristica. La seconda si<br \/>sviluppa su 200 ettari di terreno su cui \u00e8 presente, in base all\u2019inventario del 31 dicembre 2023, un<br \/>allevamento di 640 bovini di cui 520 da latte e 120 da carne, un caseificio per la lavorazione e la<br \/>trasformazione del latte e un macello per la produzione di carne, Inoltre, la Societ\u00e0 gestisce altri<br \/>quattro Punti Vendita di cui due in San Giovanni Rotondo, uno in Foggia e uno in Manfredonia. Un<br \/>discreto quantitativo della produzione \u00e8 commercializzato attraverso i punti di vendita diretta.<\/p>\n<p>[\/et_pb_text][\/et_pb_column][\/et_pb_row][et_pb_row _builder_version=&#8221;4.27.4&#8243; _module_preset=&#8221;default&#8221; width=&#8221;100%&#8221; max_width=&#8221;100%&#8221; custom_margin=&#8221;||-179px||false|false&#8221; global_colors_info=&#8221;{}&#8221;][et_pb_column type=&#8221;4_4&#8243; _builder_version=&#8221;4.27.4&#8243; _module_preset=&#8221;default&#8221; global_colors_info=&#8221;{}&#8221;][et_pb_image src=&#8221;https:\/\/agroalimentareoperadipadrepio.it\/wp-content\/uploads\/2025\/03\/Copia-di-Copia-di-Copia-di-Progetto-senza-titolo3.png&#8221; title_text=&#8221;Copia di Copia di Copia di Progetto senza titolo(3)&#8221; align=&#8221;center&#8221; _builder_version=&#8221;4.27.4&#8243; _module_preset=&#8221;default&#8221; width=&#8221;100%&#8221; custom_margin=&#8221;||-140px||false|false&#8221; global_colors_info=&#8221;{}&#8221;][\/et_pb_image][\/et_pb_column][\/et_pb_row][\/et_pb_section]<\/p>\n","protected":false},"excerpt":{"rendered":"<p><div class=\"et_pb_module dipi_dual_heading dipi_dual_heading_0\">\n\t\t\t\t\n\t\t\t\t\n\t\t\t\t\n\t\t\t\t\n\t\t\t\t\n\t\t\t\t\n\t\t\t\t<div class=\"et_pb_module_inner\">\n\t\t\t\t\t\n                <div class=\"dipi-dual-heading \">\n                    <h2 class=\"dipi-dh-main\">\n                        <span class=\"dipi-dh-first-heading\">\n                            <span class=\"dipi-dh-animation-container\">\n                                <span class=\"dipi-dh-bg-container\">\n                                    l'immobiliare\n                                <\/span>\n                            <\/span>\n                        <\/span>\n                        <span class=\"dipi-dh-second-heading\">\n                            <span class=\"dipi-dh-animation-container\">\n                                <span class=\"dipi-dh-bg-container\">\n                                    \n                                <\/span>\n                            <\/span>\n                        <\/span>\n                    <\/h2>\n                <\/div>\n\t\t\t\t<\/div>\n\t\t\t<\/div> &#8220;Condizioni operative e sviluppo della societ\u00e0 Il 5 ottobre 1946, si costituiva l&#8217;IMMOBILIARE CASASOLLIEVO DELLA SOFFERENZA S.p.A., con sede legale ed amministrativa a San Giovanni Rotondo.Progetto fortemente desiderato da San Pio &#8211; il quale, nel 1957, a seguito Pagina 1 Relazione sullagestione al Bilancio al 31\/12\/2023 IMMOBILIARE CASA SOLLIEVO DELLA SOFFERENZA S.P.A.dell&#8217;aumento del capitale sociale a duecento milioni di lire, ne divenne il socio di maggioranza conn. 199.934 azioni &#8211; realizzato per Sua mano ed incentrato sulla costruzione dell&#8217;Ospedale, da Luipresentato nel discorso inaugurale del 5 maggio 1956, rivolto ai benefattori, come &#8220;creatura che laProvvidenza &#8211; aiutata da Voi &#8211; ha creato&#8221;. Lo scopo precipuo del progetto &#8211; che \u00e8 quello di sostenerela ricerca, l&#8217;organizzazione ed il possesso di tutti i mezzi opportuni e necessari, sia economici chescientifici, tecnici, industriali e commerciali da destinare, come stabile organizzazione, all&#8217;attivit\u00e0clinica ospedaliera &#8211; veniva poi a completarsi con la costituzione della Fondazione omonima. LaSociet\u00e0 e la Fondazione sono, quindi, gli strumenti che, pur nella loro autonomia e differentetipologia soggettiva, concorrono alla realizzazione del disegno indicato da Padre Pio, la c.d.&#8221;Opera&#8221;. L&#8217;attivit\u00e0 istituzionale della [&hellip;]<\/p>\n","protected":false},"author":1,"featured_media":0,"parent":0,"menu_order":0,"comment_status":"closed","ping_status":"closed","template":"","meta":{"_et_pb_use_builder":"on","_et_pb_old_content":"","_et_gb_content_width":"","footnotes":""},"dipi_cpt_category":[],"class_list":["post-4107","page","type-page","status-publish","hentry"],"_links":{"self":[{"href":"https:\/\/agroalimentareoperadipadrepio.it\/index.php\/wp-json\/wp\/v2\/pages\/4107","targetHints":{"allow":["GET"]}}],"collection":[{"href":"https:\/\/agroalimentareoperadipadrepio.it\/index.php\/wp-json\/wp\/v2\/pages"}],"about":[{"href":"https:\/\/agroalimentareoperadipadrepio.it\/index.php\/wp-json\/wp\/v2\/types\/page"}],"author":[{"embeddable":true,"href":"https:\/\/agroalimentareoperadipadrepio.it\/index.php\/wp-json\/wp\/v2\/users\/1"}],"replies":[{"embeddable":true,"href":"https:\/\/agroalimentareoperadipadrepio.it\/index.php\/wp-json\/wp\/v2\/comments?post=4107"}],"version-history":[{"count":19,"href":"https:\/\/agroalimentareoperadipadrepio.it\/index.php\/wp-json\/wp\/v2\/pages\/4107\/revisions"}],"predecessor-version":[{"id":4819,"href":"https:\/\/agroalimentareoperadipadrepio.it\/index.php\/wp-json\/wp\/v2\/pages\/4107\/revisions\/4819"}],"wp:attachment":[{"href":"https:\/\/agroalimentareoperadipadrepio.it\/index.php\/wp-json\/wp\/v2\/media?parent=4107"}],"wp:term":[{"taxonomy":"dipi_cpt_category","embeddable":true,"href":"https:\/\/agroalimentareoperadipadrepio.it\/index.php\/wp-json\/wp\/v2\/dipi_cpt_category?post=4107"}],"curies":[{"name":"wp","href":"https:\/\/api.w.org\/{rel}","templated":true}]}}