{"id":4624,"date":"2025-04-10T13:41:57","date_gmt":"2025-04-10T13:41:57","guid":{"rendered":"https:\/\/agroalimentareoperadipadrepio.it\/?page_id=4624"},"modified":"2025-04-15T08:34:21","modified_gmt":"2025-04-15T08:34:21","slug":"filiera","status":"publish","type":"page","link":"https:\/\/agroalimentareoperadipadrepio.it\/index.php\/filiera\/","title":{"rendered":"filiera"},"content":{"rendered":"<p>[et_pb_section fb_built=&#8221;1&#8243; _builder_version=&#8221;4.27.4&#8243; _module_preset=&#8221;default&#8221; background_color=&#8221;#f6f0e6&#8243; global_colors_info=&#8221;{}&#8221;][et_pb_row _builder_version=&#8221;4.27.4&#8243; _module_preset=&#8221;default&#8221; background_image=&#8221;https:\/\/agroalimentareoperadipadrepio.it\/wp-content\/uploads\/2024\/12\/3333.png&#8221; height=&#8221;820px&#8221; global_colors_info=&#8221;{}&#8221;][et_pb_column type=&#8221;4_4&#8243; _builder_version=&#8221;4.27.4&#8243; _module_preset=&#8221;default&#8221; global_colors_info=&#8221;{}&#8221;][dipi_dual_heading first_heading=&#8221;La nostra Filiera&#8221; fh_style=&#8221;background&#8221; fh_background_animation=&#8221;on&#8221; fh_background_animation_direction=&#8221;dipiBGBottomToTop&#8221; fh_background_style=&#8221;clipped&#8221; first_heading_image=&#8221;https:\/\/agroalimentareoperadipadrepio.it\/wp-content\/uploads\/2025\/03\/Copia-di-Copia-di-Copia-di-Progetto-senza-titolo4.png&#8221; first_heading_position=&#8221;bottom_right&#8221; _builder_version=&#8221;4.27.4&#8243; _module_preset=&#8221;default&#8221; first_heading_font=&#8221;Anton|||on|||||&#8221; first_heading_font_size=&#8221;149px&#8221; custom_margin=&#8221;0px||0px||true|false&#8221; custom_padding=&#8221;182px||0px||false|false&#8221; hover_enabled=&#8221;0&#8243; global_colors_info=&#8221;{}&#8221; first_heading_font_size_last_edited=&#8221;on|phone&#8221; first_heading_font_size_phone=&#8221;70px&#8221; sticky_enabled=&#8221;0&#8243; first_heading_font_size_tablet=&#8221;149px&#8221;][\/dipi_dual_heading][et_pb_text _builder_version=&#8221;4.27.4&#8243; _module_preset=&#8221;default&#8221; text_font=&#8221;Montserrat||||||||&#8221; text_font_size=&#8221;16px&#8221; text_orientation=&#8221;center&#8221; global_colors_info=&#8221;{}&#8221;]<\/p>\n<p>Nella nostra fattoria si segue il principio della filiera corta, curando con passione ogni fase del processo produttivo: dalla coltivazione del foraggio biologico certificato, che alimenta le nostre mucche, fino all&#8217;allevamento, alla mungitura e alla lavorazione del latte.<br \/>Tutto il latte impiegato nella produzione dei nostri latticini e formaggi proviene esclusivamente dai nostri allevamenti, a garanzia di qualit\u00e0 e tracciabilit\u00e0.<\/p>\n<p>[\/et_pb_text][\/et_pb_column][\/et_pb_row][\/et_pb_section][et_pb_section fb_built=&#8221;1&#8243; _builder_version=&#8221;4.27.4&#8243; _module_preset=&#8221;default&#8221; background_color=&#8221;#f6f0e6&#8243; background_image=&#8221;https:\/\/agroalimentareoperadipadrepio.it\/wp-content\/uploads\/2025\/01\/Il-latte-fresco-Posta-La-Via-nasce-dal-progetto-di-Padre-Pio-di-offrire-alle-partorienti-dellospedale-Casa-Sollievo-della-Sofferenza-da-Lui-voluto-il-latte-fresco-delle-sue-mucche-e-alimenti3.png&#8221; global_colors_info=&#8221;{}&#8221;][et_pb_row _builder_version=&#8221;4.27.4&#8243; _module_preset=&#8221;default&#8221; hover_enabled=&#8221;0&#8243; global_colors_info=&#8221;{}&#8221; custom_margin=&#8221;|0px||0px|false|true&#8221; custom_padding=&#8221;|0px||0px|false|true&#8221; sticky_enabled=&#8221;0&#8243; module_alignment=&#8221;center&#8221;][et_pb_column type=&#8221;4_4&#8243; _builder_version=&#8221;4.27.4&#8243; _module_preset=&#8221;default&#8221; global_colors_info=&#8221;{}&#8221;][et_pb_image src=&#8221;https:\/\/agroalimentareoperadipadrepio.it\/wp-content\/uploads\/2025\/01\/Senza-titolo-5000-x-2000-px-1.png&#8221; title_text=&#8221;Senza titolo (5000 x 2000 px) (1)&#8221; _builder_version=&#8221;4.27.4&#8243; _module_preset=&#8221;default&#8221; width=&#8221;35%&#8221; module_alignment=&#8221;center&#8221; custom_padding=&#8221;||100px||false|false&#8221; animation_style=&#8221;slide&#8221; global_colors_info=&#8221;{}&#8221;][\/et_pb_image][dipi_text_highlighter text_highlighter_text=&#8221;Munto e confezionato entro 3 ore&#8221; highlight_shape=&#8221;multiline&#8221; stroke_color=&#8221;#e74636&#8243; stroke_width=&#8221;8px&#8221; _builder_version=&#8221;4.27.4&#8243; _module_preset=&#8221;default&#8221; all_text_font=&#8221;Anton||||||||&#8221; all_text_text_align=&#8221;center&#8221; all_text_text_color=&#8221;#4d0904&#8243; all_text_font_size=&#8221;61px&#8221; custom_margin=&#8221;||||false|false&#8221; custom_padding=&#8221;||40px||false|false&#8221; global_colors_info=&#8221;{}&#8221;][\/dipi_text_highlighter][dipi_expanding_cta content_image=&#8221;https:\/\/agroalimentareoperadipadrepio.it\/wp-content\/uploads\/2025\/01\/1.2.png&#8221; content_title=&#8221;Coltiviamo con cura il nostro foraggio&#8221; content_description=&#8221;<\/p>\n<div class=%22dipi_expanding_cta_container %22 data-config=%22{%22 hide_header=%22%22 :=%22%22 off=%22%22 hide_backtotop=%22%22 dipi_expanding_cta_class=%22%22 dipi_expanding_cta_2=%22%22 dipi_expanding_cta_order_number=%22%22 2=%22%22>\n<div class=%22dipi_expanding_cta-content-wrapper%22>\n<div class=%22dipi_expanding_cta-content%22>\n<div class=%22dipi-content-text%22>\n<div class=%22dipi-desc%22>\n<p style=%22text-align: center;%22>Dedichiamo passione e competenza alla coltivazione del nostro foraggio,<br \/>selezionando le migliori sementi e adottando pratiche agricole sostenibili, <strong>in regime<\/strong><br \/><strong>di agricoltura biologica<\/strong>. Dalla semina alla raccolta, ogni fase \u00e8 seguita con<br \/>attenzione per garantire un alimento sano e nutriente, essenziale per il benessere<br \/>degli animali. Il nostro impegno si traduce in qualit\u00e0, perch\u00e9 un foraggio <strong>naturale<\/strong> \u00e8<br \/>il primo passo per il <strong>benessere delle nostre mucche<\/strong>.<\/p>\n<\/div>\n<\/div>\n<div class=%22dipi-button-wrapper%22><\/div>\n<\/div>\n<\/div>\n<\/div>\n<p>&#8221; content_image_icon_width=&#8221;70px&#8221; content_desc_padding=&#8221;0px|0px|0px|0px|false|false&#8221; container_padding=&#8221;0px|0px|0px|0px|false|false&#8221; content_bg_enable_image=&#8221;off&#8221; overlay_bg_image=&#8221;https:\/\/agroalimentareoperadipadrepio.it\/wp-content\/uploads\/2025\/04\/Progetto-senza-titolo292.png&#8221; _builder_version=&#8221;4.27.4&#8243; _module_preset=&#8221;default&#8221; content_title_font=&#8221;Anton||||||||&#8221; content_title_text_color=&#8221;#e74636&#8243; content_title_font_size=&#8221;40px&#8221; content_desc_font=&#8221;Montserrat||||||||&#8221; content_desc_text_color=&#8221;#4d0904&#8243; image_icon_custom_padding=&#8221;||90px||false|false&#8221; custom_margin=&#8221;20px||100px||false|false&#8221; custom_padding=&#8221;|50px||50px|false|true&#8221; hover_enabled=&#8221;0&#8243; content_title_text_shadow_style=&#8221;preset1&#8243; content_title_text_shadow_blur_strength=&#8221;-0.1em&#8221; global_colors_info=&#8221;{}&#8221; sticky_enabled=&#8221;0&#8243; custom_padding_last_edited=&#8221;on|phone&#8221; custom_padding_phone=&#8221;|10px||10px|false|true&#8221; custom_padding_tablet=&#8221;|50px||50px|false|true&#8221;][\/dipi_expanding_cta][dipi_expanding_cta content_image=&#8221;https:\/\/agroalimentareoperadipadrepio.it\/wp-content\/uploads\/2025\/01\/2.2.png&#8221; content_title=&#8221;Alleviamo con amore le nostre mucche&#8221; content_description=&#8221;<\/p>\n<div class=%22dipi_expanding_cta_container %22 data-config=%22{%22 hide_header=%22%22 :=%22%22 off=%22%22 hide_backtotop=%22%22 dipi_expanding_cta_class=%22%22 dipi_expanding_cta_2=%22%22 dipi_expanding_cta_order_number=%22%22 2=%22%22>\n<div class=%22dipi_expanding_cta-content-wrapper%22>\n<div class=%22dipi_expanding_cta-content%22>\n<div class=%22dipi-content-text%22>\n<div class=%22dipi-desc%22>\n<p>Ogni giorno ci prendiamo cura delle nostre mucche con <strong>dedizione e rispetto<\/strong>, garantendo loro un ambiente sano, spazi adeguati e un\u2019alimentazione equilibrata.<br \/>Crediamo che il benessere degli animali sia fondamentale per ottenere prodotti di alta qualit\u00e0, ed \u00e8 per questo che seguiamo <strong>ogni fase dell\u2019allevamento con passione <\/strong><strong>e attenzione.<\/strong> Allevare con amore significa rispettare la natura e creare un legame autentico con i nostri animali.<\/p>\n<\/div>\n<\/div>\n<div class=%22dipi-button-wrapper%22><\/div>\n<\/div>\n<\/div>\n<\/div>\n<p>&#8221; content_image_icon_width=&#8221;70px&#8221; content_desc_padding=&#8221;0px|0px|0px|0px|false|false&#8221; container_padding=&#8221;0px|0px|0px|0px|false|false&#8221; content_bg_enable_image=&#8221;off&#8221; overlay_bg_image=&#8221;https:\/\/agroalimentareoperadipadrepio.it\/wp-content\/uploads\/2025\/04\/Progetto-senza-titolo292.png&#8221; _builder_version=&#8221;4.27.4&#8243; _module_preset=&#8221;default&#8221; content_title_font=&#8221;Anton||||||||&#8221; content_title_text_color=&#8221;#e74636&#8243; content_title_font_size=&#8221;48px&#8221; content_desc_font=&#8221;Montserrat||||||||&#8221; content_desc_text_color=&#8221;#4d0904&#8243; image_icon_custom_padding=&#8221;||90px||false|false&#8221; custom_margin=&#8221;20px||100px||false|false&#8221; custom_padding=&#8221;|50px||50px|false|true&#8221; hover_enabled=&#8221;0&#8243; content_title_text_shadow_style=&#8221;preset1&#8243; content_title_text_shadow_blur_strength=&#8221;-0.1em&#8221; global_colors_info=&#8221;{}&#8221; content_title_font_size_last_edited=&#8221;on|phone&#8221; content_title_font_size_phone=&#8221;40px&#8221; custom_padding_last_edited=&#8221;on|phone&#8221; custom_padding_phone=&#8221;|10px||10px|false|true&#8221; sticky_enabled=&#8221;0&#8243; content_title_font_size_tablet=&#8221;48px&#8221; custom_padding_tablet=&#8221;|50px||50px|false|true&#8221;][\/dipi_expanding_cta][dipi_expanding_cta content_image=&#8221;https:\/\/agroalimentareoperadipadrepio.it\/wp-content\/uploads\/2025\/01\/3.2.png&#8221; content_title=&#8221;Produciamo con passione il vostro latte&#8221; content_description=&#8221;<\/p>\n<div class=%22dipi_expanding_cta_container %22 data-config=%22{%22 hide_header=%22%22 :=%22%22 off=%22%22 hide_backtotop=%22%22 dipi_expanding_cta_class=%22%22 dipi_expanding_cta_2=%22%22 dipi_expanding_cta_order_number=%22%22 2=%22%22>\n<div class=%22dipi_expanding_cta-content-wrapper%22>\n<div class=%22dipi_expanding_cta-content%22>\n<div class=%22dipi-content-text%22>\n<div class=%22dipi-desc%22>\n<p style=%22text-align: center;%22>Dal cuore della nostra azienda direttamente alla vostra tavola, <strong>ogni goccia di <\/strong><strong>latte viene trattata con la massima cura<\/strong>.<br \/>La sala di mungitura \u00e8 adiacente al laboratorio. La gestione degli spazi, le loro distanze, il personale e i macchinari utilizzati vanno a comporre una catena di produzione ponderata nell\u2019ottica della sostenibilit\u00e0 di processo e di prodotto.<br \/>Ben <strong>due mungiture al giorno ci consentono di garantire non solo freschezza, <\/strong><strong>qualit\u00e0 e genuinit\u00e0 ma anche di preservare il gusto autentico del latte appena <\/strong><strong>munto.<\/strong><br \/>Il nostro impegno quotidiano \u00e8 offrirvi un prodotto puro, frutto del rispetto per gli animali e della passione per la tradizione.<\/p>\n<\/div>\n<\/div>\n<div class=%22dipi-button-wrapper%22><\/div>\n<\/div>\n<\/div>\n<\/div>\n<p>&#8221; content_image_icon_width=&#8221;70px&#8221; content_desc_padding=&#8221;0px|0px|0px|0px|false|false&#8221; container_padding=&#8221;0px|0px|0px|0px|false|false&#8221; content_bg_enable_image=&#8221;off&#8221; overlay_bg_image=&#8221;https:\/\/agroalimentareoperadipadrepio.it\/wp-content\/uploads\/2025\/04\/Progetto-senza-titolo292.png&#8221; _builder_version=&#8221;4.27.4&#8243; _module_preset=&#8221;default&#8221; content_title_font=&#8221;Anton||||||||&#8221; content_title_text_color=&#8221;#e74636&#8243; content_title_font_size=&#8221;48px&#8221; content_desc_font=&#8221;Montserrat||||||||&#8221; content_desc_text_color=&#8221;#4d0904&#8243; image_icon_custom_padding=&#8221;||90px||false|false&#8221; custom_margin=&#8221;20px||100px||false|false&#8221; custom_padding=&#8221;|50px||50px|false|true&#8221; hover_enabled=&#8221;0&#8243; content_title_text_shadow_style=&#8221;preset1&#8243; content_title_text_shadow_blur_strength=&#8221;-0.1em&#8221; global_colors_info=&#8221;{}&#8221; content_title_font_size_last_edited=&#8221;on|phone&#8221; content_title_font_size_phone=&#8221;40px&#8221; custom_padding_last_edited=&#8221;on|phone&#8221; custom_padding_phone=&#8221;|10px||10px|false|true&#8221; sticky_enabled=&#8221;0&#8243; content_title_font_size_tablet=&#8221;48px&#8221; custom_padding_tablet=&#8221;|50px||50px|false|true&#8221;][\/dipi_expanding_cta][\/et_pb_column][\/et_pb_row][\/et_pb_section]<\/p>\n","protected":false},"excerpt":{"rendered":"<p><div class=\"et_pb_module dipi_dual_heading dipi_dual_heading_0\">\n\t\t\t\t\n\t\t\t\t\n\t\t\t\t\n\t\t\t\t\n\t\t\t\t\n\t\t\t\t\n\t\t\t\t<div class=\"et_pb_module_inner\">\n\t\t\t\t\t\n                <div class=\"dipi-dual-heading \">\n                    <h2 class=\"dipi-dh-main\">\n                        <span class=\"dipi-dh-first-heading\">\n                            <span class=\"dipi-dh-animation-container\">\n                                <span class=\"dipi-dh-bg-container\">\n                                    La nostra Filiera\n                                <\/span>\n                            <\/span>\n                        <\/span>\n                        <span class=\"dipi-dh-second-heading\">\n                            <span class=\"dipi-dh-animation-container\">\n                                <span class=\"dipi-dh-bg-container\">\n                                    \n                                <\/span>\n                            <\/span>\n                        <\/span>\n                    <\/h2>\n                <\/div>\n\t\t\t\t<\/div>\n\t\t\t<\/div>Nella nostra fattoria si segue il principio della filiera corta, curando con passione ogni fase del processo produttivo: dalla coltivazione del foraggio biologico certificato, che alimenta le nostre mucche, fino all&#8217;allevamento, alla mungitura e alla lavorazione del latte.Tutto il latte impiegato nella produzione dei nostri latticini e formaggi proviene esclusivamente dai nostri allevamenti, a garanzia di qualit\u00e0 e tracciabilit\u00e0.<div class=\"et_pb_module dipi_text_highlighter dipi_text_highlighter_0\">\n\t\t\t\t\n\t\t\t\t\n\t\t\t\t\n\t\t\t\t\n\t\t\t\t\n\t\t\t\t\n\t\t\t\t<div class=\"et_pb_module_inner\">\n\t\t\t\t\t<h2 class=\"dipi-highlight-text-wrapper\" data-config=\"{&quot;animation_start&quot;:&quot;in_a_viewport&quot;,&quot;animation_start_viewport&quot;:&quot;75%&quot;,&quot;animation_delay&quot;:&quot;0ms&quot;,&quot;animation_duration&quot;:&quot;800ms&quot;,&quot;delay_after_animation&quot;:&quot;3000ms&quot;,&quot;repeat_mode&quot;:&quot;infinite&quot;,&quot;count_mode&quot;:&quot;everytime_in_viewport&quot;,&quot;animation_repeat_counts&quot;:&quot;3&quot;,&quot;reverse_animation&quot;:&quot;off&quot;,&quot;id&quot;:&quot;dipi_text_highlighter_0_wrapper&quot;}\">\n\t\t\t\t\t<span class=\"dipi-text-highlight-wrapper {&quot;animation_start&quot;:&quot;in_a_viewport&quot;,&quot;animation_start_viewport&quot;:&quot;75%&quot;,&quot;animation_delay&quot;:&quot;0ms&quot;,&quot;animation_duration&quot;:&quot;800ms&quot;,&quot;delay_after_animation&quot;:&quot;3000ms&quot;,&quot;repeat_mode&quot;:&quot;infinite&quot;,&quot;count_mode&quot;:&quot;everytime_in_viewport&quot;,&quot;animation_repeat_counts&quot;:&quot;3&quot;,&quot;reverse_animation&quot;:&quot;off&quot;,&quot;id&quot;:&quot;dipi_text_highlighter_0_wrapper&quot;}\"><span class=\"dipi-text-highlight-text dipi-text-highlight-text\">Munto e confezionato entro 3 ore<\/span><span class=\"dipi-text-highlight-svg\"><svg xmlns=\"http:\/\/www.w3.org\/2000\/svg\" viewBox=\"0 0 500 150\" preserveAspectRatio=\"none\">\n\t\t\t\t\t<path d=\"M3.7,125.7c50.5-3.7,442.9-7,487.5,4.7\"><\/path>\n\t\t\t\t\t<path d=\"M488.6,133c-33.9-3-452.6-12-483.2-2.7\"><\/path>\n\t\t\t\t\t<path d=\"M5.4,132.3c75.2,4.3,445.9-4,488.8-0.3\"><\/path>\n\t\t\t\t\t<\/svg><\/span><\/span>\n\t\t\t<\/h2>\n\t\t\t\t<\/div>\n\t\t\t<\/div><div class=\"et_pb_module dipi_expanding_cta dipi_expanding_cta_0\">\n\t\t\t\t\n\t\t\t\t\n\t\t\t\t\n\t\t\t\t\n\t\t\t\t\n\t\t\t\t\n\t\t\t\t<div class=\"et_pb_module_inner\">\n\t\t\t\t\t<div class=\"dipi_expanding_cta_container \"\n                data-config=\"{&quot;hide_header&quot;:&quot;off&quot;,&quot;hide_backtotop&quot;:&quot;off&quot;,&quot;dipi_expanding_cta_class&quot;:&quot;dipi_expanding_cta_0&quot;,&quot;dipi_expanding_cta_order_number&quot;:&quot;0&quot;}\"\n            >\n                <div class=\"dipi_expanding_cta_container-background\">\n                    <span class=\"et_pb_background_pattern\"><\/span>\n\t\t\t\t\t<span class=\"et_pb_background_mask\"><\/span>\n                <\/div>\n                \n            <div class=\"dipi_expanding_cta-content-wrapper\">\n                <div\n              class=\"dipi_expanding_cta-content\">\n              <div class=\"dipi-content-image-icon-wrap dipi-image-wrapper\">\n                    <img decoding=\"async\" src=\"https:\/\/agroalimentareoperadipadrepio.it\/wp-content\/uploads\/2025\/01\/1.2.png\" class=\"dipi-content-image\" alt=\"\">\n                <\/div>\n            <div class=\"dipi-content-text\">\n                <h2 class=\"dipi-content-heading\">\n                    Coltiviamo con cura il nostro foraggio\n                <\/h2>\n                <div class=\"dipi-desc\"> Dedichiamo passione e competenza alla coltivazione del nostro foraggio,selezionando le migliori sementi e adottando pratiche agricole sostenibili, in regimedi agricoltura biologica. Dalla semina alla raccolta, ogni fase \u00e8 seguita conattenzione per garantire un alimento sano e nutriente, essenziale per il benesseredegli animali. Il nostro impegno si traduce in qualit\u00e0, perch\u00e9 un foraggio naturale \u00e8il primo passo per il benessere delle nostre mucche. <\/div>\n            <\/div>\n            <div class=\"dipi-button-wrapper\">\n                 \n            <\/div>\n          \n            <\/div>\n            <\/div>\n            \n                \n            <\/div>\n            <div class=\"dipi_extending_cta-overlay\">\n            \n            <\/div>\n            \n            \n\t\t\t\t<\/div>\n\t\t\t<\/div><div class=\"et_pb_module dipi_expanding_cta dipi_expanding_cta_1\">\n\t\t\t\t\n\t\t\t\t\n\t\t\t\t\n\t\t\t\t\n\t\t\t\t\n\t\t\t\t\n\t\t\t\t<div class=\"et_pb_module_inner\">\n\t\t\t\t\t<div class=\"dipi_expanding_cta_container \"\n                data-config=\"{&quot;hide_header&quot;:&quot;off&quot;,&quot;hide_backtotop&quot;:&quot;off&quot;,&quot;dipi_expanding_cta_class&quot;:&quot;dipi_expanding_cta_1&quot;,&quot;dipi_expanding_cta_order_number&quot;:&quot;1&quot;}\"\n            >\n                <div class=\"dipi_expanding_cta_container-background\">\n                    <span class=\"et_pb_background_pattern\"><\/span>\n\t\t\t\t\t<span class=\"et_pb_background_mask\"><\/span>\n                <\/div>\n                \n            <div class=\"dipi_expanding_cta-content-wrapper\">\n                <div\n              class=\"dipi_expanding_cta-content\">\n              <div class=\"dipi-content-image-icon-wrap dipi-image-wrapper\">\n                    <img decoding=\"async\" src=\"&#8221;https:\/\/agroalimentareoperadipadrepio.it\/wp-content\/uploads\/2025\/01\/2.2.png&#8221;\" class=\"dipi-content-image\" alt=\"\">\n                <\/div>\n            <div class=\"dipi-content-text\">\n                <h2 class=\"dipi-content-heading\">\n                    &#8221;Alleviamo\n                <\/h2>\n                <div class=\"dipi-desc\">&#8221;<\/div>\n            <\/div>\n            <div class=\"dipi-button-wrapper\">\n                 \n            <\/div>\n          \n            <\/div>\n            <\/div>\n            \n                \n            <\/div>\n            <div class=\"dipi_extending_cta-overlay\">\n            \n            <\/div>\n            \n            \n\t\t\t\t<\/div>\n\t\t\t<\/div><\/p>\n","protected":false},"author":1,"featured_media":0,"parent":0,"menu_order":0,"comment_status":"closed","ping_status":"closed","template":"","meta":{"_et_pb_use_builder":"on","_et_pb_old_content":"","_et_gb_content_width":"","footnotes":""},"dipi_cpt_category":[],"class_list":["post-4624","page","type-page","status-publish","hentry"],"_links":{"self":[{"href":"https:\/\/agroalimentareoperadipadrepio.it\/index.php\/wp-json\/wp\/v2\/pages\/4624","targetHints":{"allow":["GET"]}}],"collection":[{"href":"https:\/\/agroalimentareoperadipadrepio.it\/index.php\/wp-json\/wp\/v2\/pages"}],"about":[{"href":"https:\/\/agroalimentareoperadipadrepio.it\/index.php\/wp-json\/wp\/v2\/types\/page"}],"author":[{"embeddable":true,"href":"https:\/\/agroalimentareoperadipadrepio.it\/index.php\/wp-json\/wp\/v2\/users\/1"}],"replies":[{"embeddable":true,"href":"https:\/\/agroalimentareoperadipadrepio.it\/index.php\/wp-json\/wp\/v2\/comments?post=4624"}],"version-history":[{"count":7,"href":"https:\/\/agroalimentareoperadipadrepio.it\/index.php\/wp-json\/wp\/v2\/pages\/4624\/revisions"}],"predecessor-version":[{"id":4728,"href":"https:\/\/agroalimentareoperadipadrepio.it\/index.php\/wp-json\/wp\/v2\/pages\/4624\/revisions\/4728"}],"wp:attachment":[{"href":"https:\/\/agroalimentareoperadipadrepio.it\/index.php\/wp-json\/wp\/v2\/media?parent=4624"}],"wp:term":[{"taxonomy":"dipi_cpt_category","embeddable":true,"href":"https:\/\/agroalimentareoperadipadrepio.it\/index.php\/wp-json\/wp\/v2\/dipi_cpt_category?post=4624"}],"curies":[{"name":"wp","href":"https:\/\/api.w.org\/{rel}","templated":true}]}}